{"id":200,"date":"2022-02-10T12:09:04","date_gmt":"2022-02-10T11:09:04","guid":{"rendered":"https:\/\/care4farm.dk\/?page_id=200"},"modified":"2025-07-07T12:17:12","modified_gmt":"2025-07-07T10:17:12","slug":"uber-care4farm","status":"publish","type":"page","link":"https:\/\/care4farm.dk\/de\/om-care4farm\/","title":{"rendered":"\u00fcber care4farm"},"content":{"rendered":"<div data-elementor-type=\"wp-page\" data-elementor-id=\"200\" class=\"elementor elementor-200\" data-elementor-post-type=\"page\">\n\t\t\t\t\t\t<section class=\"elementor-section elementor-top-section elementor-element elementor-element-eedc9f5 elementor-section-height-min-height first-section elementor-section-boxed elementor-section-height-default elementor-section-items-middle\" data-id=\"eedc9f5\" data-element_type=\"section\" data-settings=\"{&quot;background_background&quot;:&quot;classic&quot;}\">\n\t\t\t\t\t\t\t<div class=\"elementor-background-overlay\"><\/div>\n\t\t\t\t\t\t\t<div class=\"elementor-container elementor-column-gap-default\">\n\t\t\t\t\t<div class=\"elementor-column elementor-col-100 elementor-top-column elementor-element elementor-element-b17395c\" data-id=\"b17395c\" data-element_type=\"column\">\n\t\t\t<div class=\"elementor-widget-wrap elementor-element-populated\">\n\t\t\t\t\t\t<div class=\"elementor-element elementor-element-a6693df elementor-align-center elementor-widget elementor-widget-breadcrumbs\" data-id=\"a6693df\" data-element_type=\"widget\" data-widget_type=\"breadcrumbs.default\">\n\t\t\t\t<div class=\"elementor-widget-container\">\n\t\t\t\t\t<p id=\"breadcrumbs\"><span><span><a href=\"https:\/\/care4farm.dk\/de\/\">Home<\/a><\/span><\/span><\/p>\t\t\t\t<\/div>\n\t\t\t\t<\/div>\n\t\t\t\t<div class=\"elementor-element elementor-element-dab0979 elementor-widget__width-initial elementor-widget elementor-widget-heading\" data-id=\"dab0979\" data-element_type=\"widget\" data-widget_type=\"heading.default\">\n\t\t\t\t<div class=\"elementor-widget-container\">\n\t\t\t\t\t<h1 class=\"elementor-heading-title elementor-size-default\">\u00fcber care4farm<\/h1>\t\t\t\t<\/div>\n\t\t\t\t<\/div>\n\t\t\t\t\t<\/div>\n\t\t<\/div>\n\t\t\t\t\t<\/div>\n\t\t<\/section>\n\t\t\t\t<section class=\"elementor-section elementor-top-section elementor-element elementor-element-a11820f elementor-reverse-mobile elementor-section-full_width elementor-section-height-default elementor-section-height-default\" data-id=\"a11820f\" data-element_type=\"section\" data-settings=\"{&quot;background_background&quot;:&quot;classic&quot;}\">\n\t\t\t\t\t\t<div class=\"elementor-container elementor-column-gap-no\">\n\t\t\t\t\t<div class=\"elementor-column elementor-col-100 elementor-top-column elementor-element elementor-element-a984861\" data-id=\"a984861\" data-element_type=\"column\">\n\t\t\t<div class=\"elementor-widget-wrap elementor-element-populated\">\n\t\t\t\t\t\t<div class=\"elementor-element elementor-element-5f137ea elementor-widget elementor-widget-spacer\" data-id=\"5f137ea\" data-element_type=\"widget\" data-widget_type=\"spacer.default\">\n\t\t\t\t<div class=\"elementor-widget-container\">\n\t\t\t\t\t\t\t<div class=\"elementor-spacer\">\n\t\t\t<div class=\"elementor-spacer-inner\"><\/div>\n\t\t<\/div>\n\t\t\t\t\t\t<\/div>\n\t\t\t\t<\/div>\n\t\t\t\t\t<\/div>\n\t\t<\/div>\n\t\t\t\t\t<\/div>\n\t\t<\/section>\n\t\t\t\t<section class=\"elementor-section elementor-top-section elementor-element elementor-element-a6025c3 elementor-section-boxed elementor-section-height-default elementor-section-height-default\" data-id=\"a6025c3\" data-element_type=\"section\">\n\t\t\t\t\t\t<div class=\"elementor-container elementor-column-gap-default\">\n\t\t\t\t\t<div class=\"elementor-column elementor-col-50 elementor-top-column elementor-element elementor-element-19f352b\" data-id=\"19f352b\" data-element_type=\"column\">\n\t\t\t<div class=\"elementor-widget-wrap elementor-element-populated\">\n\t\t\t\t\t\t<div class=\"elementor-element elementor-element-8b30d13 elementor-widget elementor-widget-heading\" data-id=\"8b30d13\" data-element_type=\"widget\" data-widget_type=\"heading.default\">\n\t\t\t\t<div class=\"elementor-widget-container\">\n\t\t\t\t\t<h2 class=\"elementor-heading-title elementor-size-default\">Wer ist Care4farm?<\/h2>\t\t\t\t<\/div>\n\t\t\t\t<\/div>\n\t\t\t\t<div class=\"elementor-element elementor-element-7167c03 elementor-widget elementor-widget-text-editor\" data-id=\"7167c03\" data-element_type=\"widget\" data-widget_type=\"text-editor.default\">\n\t\t\t\t<div class=\"elementor-widget-container\">\n\t\t\t\t\t\t\t\t\t<p>Care4farm ApS ist ein Unternehmen mit mehr als 10 Jahren Erfahrung. Wir sind ein Anbieter von Produkten bestehend aus Hard- und Software zur \u00dcberwachung von Lagern in der Landwirtschaft und organischen Industrie. Wir liefern Produkte zur \u00dcberwachung von Temperatur, Feuchtigkeit und in Bio- und Agroprodukten in Lagern, Silos und Tanks. Wir beliefern Kunden in ganz Europa.<\/p><p>\u201eCare4farm wurde ins Leben gerufen, weil ich als Landwirt gelernt habe, dass die Kontrolle der Vorratskulturen hinsichtlich Qualit\u00e4t und Kosten wichtig ist.\u201c<\/p>\t\t\t\t\t\t\t\t<\/div>\n\t\t\t\t<\/div>\n\t\t\t\t<div class=\"elementor-element elementor-element-03c9b0b elementor-widget elementor-widget-heading\" data-id=\"03c9b0b\" data-element_type=\"widget\" data-widget_type=\"heading.default\">\n\t\t\t\t<div class=\"elementor-widget-container\">\n\t\t\t\t\t<h3 class=\"elementor-heading-title elementor-size-default\">Care4farm steht f\u00fcr Integrit\u00e4t, Teamwork und Verl\u00e4sslichkeit<\/h3>\t\t\t\t<\/div>\n\t\t\t\t<\/div>\n\t\t\t\t<div class=\"elementor-element elementor-element-92c6a24 elementor-widget elementor-widget-text-editor\" data-id=\"92c6a24\" data-element_type=\"widget\" data-widget_type=\"text-editor.default\">\n\t\t\t\t<div class=\"elementor-widget-container\">\n\t\t\t\t\t\t\t\t\tWir streben nach Koh\u00e4renz in Werten, Methoden, Vereinbarungen, Handlungen und Ergebnissen. Wir arbeiten in Teams, wo alle einen wertvollen Beitrag leisten um innovative Ergebnisse zu erzielen. Wir \u00fcbernehmen Verantwortung und sind zuverl\u00e4ssig.\t\t\t\t\t\t\t\t<\/div>\n\t\t\t\t<\/div>\n\t\t\t\t<div class=\"elementor-element elementor-element-40421fc elementor-widget elementor-widget-heading\" data-id=\"40421fc\" data-element_type=\"widget\" data-widget_type=\"heading.default\">\n\t\t\t\t<div class=\"elementor-widget-container\">\n\t\t\t\t\t<h3 class=\"elementor-heading-title elementor-size-default\">Unsere Geschichte<\/h3>\t\t\t\t<\/div>\n\t\t\t\t<\/div>\n\t\t\t\t<div class=\"elementor-element elementor-element-f481c40 elementor-widget elementor-widget-text-editor\" data-id=\"f481c40\" data-element_type=\"widget\" data-widget_type=\"text-editor.default\">\n\t\t\t\t<div class=\"elementor-widget-container\">\n\t\t\t\t\t\t\t\t\t<p>Nach einer beruflichen Karriere bei Lego und dann 20 Jahre als Landwirt bei Bjergegaard in Reb\u00e6k in der N\u00e4he von Kolding, habe ich 2011 Care4farm gegr\u00fcndet. In Zusammenarbeit mit Jan N\u00f8rskov von Care4all haben wir einen G\u00fcllealarm mit Halterungen f\u00fcr G\u00fclletanks entwickelt, in denen ein Alarm gesetzlich vorgeschrieben ist. Wir haben sehr viele Produkte verkauft, aber es hat keinen Spa\u00df gemacht, etwas zu verkaufen, was gesetzlich vorgeschrieben ist und ansonsten keinen besonderen Wert f\u00fcr den Landwirt hat. Au\u00dferdem wussten wir, dass wir den Markt mit den gesetzlich vorgeschriebenen Alarmen schnell s\u00e4ttigen w\u00fcrden und haben daher angefangen Produkte zu entwickeln, die von reelem Wert sind. Daher haben wir Produkte zur drahtlosen \u00dcberwachung von Getreide-, Saatgut- und Rapsbest\u00e4nden in der Landwirtschaft entwickelt. Bereits bei unserer ersten Messeteilnahme stellte sich heraus, dass unser Funk-Temperaturf\u00fchler f\u00fcr mehrere Anwendungen interessant ist. Viele Landwirte erwarben daher den Speer f\u00fcr K\u00f6rner und Saaten sowie f\u00fcr Kartoffeln, das Messen der Bodentemperatur und vieles mehr. Bald war auch die Futtermittelindustrie unser Kunde und seitdem sind Versand- und Sch\u00fcttgutterminals zu einem unserer wichtigsten Kunden geworden. Wir entwickeln und adaptieren unsere Produkte, die allesamt zur drahtlosen \u00dcberwachung von Lagern in Landwirtschaft und Industrie dienen.<\/p>\t\t\t\t\t\t\t\t<\/div>\n\t\t\t\t<\/div>\n\t\t\t\t<section class=\"elementor-section elementor-inner-section elementor-element elementor-element-0f838d5 elementor-section-boxed elementor-section-height-default elementor-section-height-default\" data-id=\"0f838d5\" data-element_type=\"section\" data-settings=\"{&quot;background_background&quot;:&quot;classic&quot;}\">\n\t\t\t\t\t\t<div class=\"elementor-container elementor-column-gap-wide\">\n\t\t\t\t\t<div class=\"elementor-column elementor-col-50 elementor-inner-column elementor-element elementor-element-cb9e1a2\" data-id=\"cb9e1a2\" data-element_type=\"column\">\n\t\t\t<div class=\"elementor-widget-wrap elementor-element-populated\">\n\t\t\t\t\t\t<div class=\"elementor-element elementor-element-a595c1f elementor-widget elementor-widget-heading\" data-id=\"a595c1f\" data-element_type=\"widget\" data-widget_type=\"heading.default\">\n\t\t\t\t<div class=\"elementor-widget-container\">\n\t\t\t\t\t<h3 class=\"elementor-heading-title elementor-size-default\">Unsere Vision<\/h3>\t\t\t\t<\/div>\n\t\t\t\t<\/div>\n\t\t\t\t<div class=\"elementor-element elementor-element-49a2c13 elementor-widget elementor-widget-text-editor\" data-id=\"49a2c13\" data-element_type=\"widget\" data-widget_type=\"text-editor.default\">\n\t\t\t\t<div class=\"elementor-widget-container\">\n\t\t\t\t\t\t\t\t\tDie Vision von Care4farm ist es, der bevorzugte und wertvollste Partner f\u00fcr die \u00dcberwachung biologischer Best\u00e4nde zu sein. \t\t\t\t\t\t\t\t<\/div>\n\t\t\t\t<\/div>\n\t\t\t\t\t<\/div>\n\t\t<\/div>\n\t\t\t\t<div class=\"elementor-column elementor-col-50 elementor-inner-column elementor-element elementor-element-d63952c\" data-id=\"d63952c\" data-element_type=\"column\">\n\t\t\t<div class=\"elementor-widget-wrap elementor-element-populated\">\n\t\t\t\t\t\t<div class=\"elementor-element elementor-element-808e2b2 elementor-widget elementor-widget-heading\" data-id=\"808e2b2\" data-element_type=\"widget\" data-widget_type=\"heading.default\">\n\t\t\t\t<div class=\"elementor-widget-container\">\n\t\t\t\t\t<h3 class=\"elementor-heading-title elementor-size-default\">Unsere Mission<\/h3>\t\t\t\t<\/div>\n\t\t\t\t<\/div>\n\t\t\t\t<div class=\"elementor-element elementor-element-0eac7d6 elementor-widget elementor-widget-text-editor\" data-id=\"0eac7d6\" data-element_type=\"widget\" data-widget_type=\"text-editor.default\">\n\t\t\t\t<div class=\"elementor-widget-container\">\n\t\t\t\t\t\t\t\t\t<p>\u00dcberwachung von gelagerten Agro- und Biobulk-Produkten durch einfache drahtlose \u00dcberwachung.<\/p>\t\t\t\t\t\t\t\t<\/div>\n\t\t\t\t<\/div>\n\t\t\t\t\t<\/div>\n\t\t<\/div>\n\t\t\t\t\t<\/div>\n\t\t<\/section>\n\t\t\t\t\t<\/div>\n\t\t<\/div>\n\t\t\t\t<div class=\"elementor-column elementor-col-50 elementor-top-column elementor-element elementor-element-83aca4c\" data-id=\"83aca4c\" data-element_type=\"column\">\n\t\t\t<div class=\"elementor-widget-wrap elementor-element-populated\">\n\t\t\t\t\t\t<div class=\"elementor-element elementor-element-eedfafa elementor-position-top elementor-widget elementor-widget-image-box\" data-id=\"eedfafa\" data-element_type=\"widget\" data-widget_type=\"image-box.default\">\n\t\t\t\t<div class=\"elementor-widget-container\">\n\t\t\t\t\t<div class=\"elementor-image-box-wrapper\"><figure class=\"elementor-image-box-img\"><img fetchpriority=\"high\" decoding=\"async\" width=\"340\" height=\"318\" src=\"https:\/\/care4farm.dk\/wp-content\/uploads\/2022\/02\/NielsB.jpeg\" class=\"attachment-full size-full wp-image-2165\" alt=\"\" srcset=\"https:\/\/care4farm.dk\/wp-content\/uploads\/2022\/02\/NielsB.jpeg 340w, https:\/\/care4farm.dk\/wp-content\/uploads\/2022\/02\/NielsB-300x281.jpeg 300w\" sizes=\"(max-width: 340px) 100vw, 340px\" \/><\/figure><div class=\"elementor-image-box-content\"><h3 class=\"elementor-image-box-title\">Niels Bjerre<\/h3><p class=\"elementor-image-box-description\">Inhaber<\/p><\/div><\/div>\t\t\t\t<\/div>\n\t\t\t\t<\/div>\n\t\t\t\t\t<\/div>\n\t\t<\/div>\n\t\t\t\t\t<\/div>\n\t\t<\/section>\n\t\t\t\t<\/div>","protected":false},"excerpt":{"rendered":"<p>Om Care4farm Hvem er Care4farm? Care4farm ApS er en ejer ledet virksomhed med mere end 10 \u00e5rs erfaring. Vi er leverand\u00f8r af produkter best\u00e5ende af hard- og software til overv\u00e5gning af lagre i landbrug og Industri. Vi leverer produkter til overv\u00e5gning af temperatur, fugtighed og indhold i bio- og agro produkter p\u00e5 planlagre, i siloer [&hellip;]<\/p>\n","protected":false},"author":3,"featured_media":0,"parent":0,"menu_order":0,"comment_status":"closed","ping_status":"closed","template":"","meta":{"_acf_changed":false,"footnotes":""},"class_list":["post-200","page","type-page","status-publish","hentry"],"acf":[],"yoast_head":"<!-- This site is optimized with the Yoast SEO Premium plugin v27.0 (Yoast SEO v27.4) - https:\/\/yoast.com\/product\/yoast-seo-premium-wordpress\/ -->\n<title>Om Care4farm | care4farm<\/title>\n<meta name=\"description\" content=\"Care4farm ApS er en ejer ledet virksomhed med mere end 10 \u00e5rs erfaring. Vi er leverand\u00f8r af produkter best\u00e5ende af hard- og software til ..\" \/>\n<meta name=\"robots\" content=\"index, follow, max-snippet:-1, max-image-preview:large, max-video-preview:-1\" \/>\n<link rel=\"canonical\" href=\"https:\/\/care4farm.dk\/de\/uber-care4farm\/\" \/>\n<meta property=\"og:locale\" content=\"de_DE\" \/>\n<meta property=\"og:type\" content=\"article\" \/>\n<meta property=\"og:title\" content=\"Om Care4farm\" \/>\n<meta property=\"og:description\" content=\"Care4farm ApS er en ejer ledet virksomhed med mere end 10 \u00e5rs erfaring. Vi er leverand\u00f8r af produkter best\u00e5ende af hard- og software til ..\" \/>\n<meta property=\"og:url\" content=\"https:\/\/care4farm.dk\/de\/uber-care4farm\/\" \/>\n<meta property=\"og:site_name\" content=\"care4farm\" \/>\n<meta property=\"article:publisher\" content=\"https:\/\/www.facebook.com\/profile.php?id=100085901774024\" \/>\n<meta property=\"article:modified_time\" content=\"2025-07-07T10:17:12+00:00\" \/>\n<meta property=\"og:image\" content=\"https:\/\/care4farm.dk\/wp-content\/uploads\/2022\/02\/NielsB.jpeg\" \/>\n<meta name=\"twitter:card\" content=\"summary_large_image\" \/>\n<meta name=\"twitter:label1\" content=\"Gesch\u00e4tzte Lesezeit\" \/>\n\t<meta name=\"twitter:data1\" content=\"3\u00a0Minuten\" \/>\n<script type=\"application\/ld+json\" class=\"yoast-schema-graph\">{\"@context\":\"https:\\\/\\\/schema.org\",\"@graph\":[{\"@type\":\"WebPage\",\"@id\":\"https:\\\/\\\/care4farm.dk\\\/om-care4farm\\\/\",\"url\":\"https:\\\/\\\/care4farm.dk\\\/om-care4farm\\\/\",\"name\":\"Om Care4farm | care4farm\",\"isPartOf\":{\"@id\":\"https:\\\/\\\/care4farm.dk\\\/#website\"},\"primaryImageOfPage\":{\"@id\":\"https:\\\/\\\/care4farm.dk\\\/om-care4farm\\\/#primaryimage\"},\"image\":{\"@id\":\"https:\\\/\\\/care4farm.dk\\\/om-care4farm\\\/#primaryimage\"},\"thumbnailUrl\":\"https:\\\/\\\/care4farm.dk\\\/wp-content\\\/uploads\\\/2022\\\/02\\\/NielsB.jpeg\",\"datePublished\":\"2022-02-10T11:09:04+00:00\",\"dateModified\":\"2025-07-07T10:17:12+00:00\",\"description\":\"Care4farm ApS er en ejer ledet virksomhed med mere end 10 \u00e5rs erfaring. Vi er leverand\u00f8r af produkter best\u00e5ende af hard- og software til ..\",\"breadcrumb\":{\"@id\":\"https:\\\/\\\/care4farm.dk\\\/om-care4farm\\\/#breadcrumb\"},\"inLanguage\":\"de\",\"potentialAction\":[{\"@type\":\"ReadAction\",\"target\":[\"https:\\\/\\\/care4farm.dk\\\/om-care4farm\\\/\"]}]},{\"@type\":\"ImageObject\",\"inLanguage\":\"de\",\"@id\":\"https:\\\/\\\/care4farm.dk\\\/om-care4farm\\\/#primaryimage\",\"url\":\"https:\\\/\\\/care4farm.dk\\\/wp-content\\\/uploads\\\/2022\\\/02\\\/NielsB.jpeg\",\"contentUrl\":\"https:\\\/\\\/care4farm.dk\\\/wp-content\\\/uploads\\\/2022\\\/02\\\/NielsB.jpeg\"},{\"@type\":\"BreadcrumbList\",\"@id\":\"https:\\\/\\\/care4farm.dk\\\/om-care4farm\\\/#breadcrumb\",\"itemListElement\":[{\"@type\":\"ListItem\",\"position\":1,\"name\":\"Forside\",\"item\":\"https:\\\/\\\/care4farm.dk\\\/\"},{\"@type\":\"ListItem\",\"position\":2,\"name\":\"Om Care4farm\"}]},{\"@type\":\"WebSite\",\"@id\":\"https:\\\/\\\/care4farm.dk\\\/#website\",\"url\":\"https:\\\/\\\/care4farm.dk\\\/\",\"name\":\"care4farm\",\"description\":\"monitoring temperature of crops\",\"publisher\":{\"@id\":\"https:\\\/\\\/care4farm.dk\\\/#organization\"},\"potentialAction\":[{\"@type\":\"SearchAction\",\"target\":{\"@type\":\"EntryPoint\",\"urlTemplate\":\"https:\\\/\\\/care4farm.dk\\\/?s={search_term_string}\"},\"query-input\":{\"@type\":\"PropertyValueSpecification\",\"valueRequired\":true,\"valueName\":\"search_term_string\"}}],\"inLanguage\":\"de\"},{\"@type\":\"Organization\",\"@id\":\"https:\\\/\\\/care4farm.dk\\\/#organization\",\"name\":\"Care4farm\",\"url\":\"https:\\\/\\\/care4farm.dk\\\/\",\"logo\":{\"@type\":\"ImageObject\",\"inLanguage\":\"de\",\"@id\":\"https:\\\/\\\/care4farm.dk\\\/#\\\/schema\\\/logo\\\/image\\\/\",\"url\":\"https:\\\/\\\/care4farm.dk\\\/wp-content\\\/uploads\\\/2022\\\/02\\\/logo.svg\",\"contentUrl\":\"https:\\\/\\\/care4farm.dk\\\/wp-content\\\/uploads\\\/2022\\\/02\\\/logo.svg\",\"caption\":\"Care4farm\"},\"image\":{\"@id\":\"https:\\\/\\\/care4farm.dk\\\/#\\\/schema\\\/logo\\\/image\\\/\"},\"sameAs\":[\"https:\\\/\\\/www.facebook.com\\\/profile.php?id=100085901774024\"]}]}<\/script>\n<!-- \/ Yoast SEO Premium plugin. -->","yoast_head_json":{"title":"\u00dcber Care4farm | care4farm","description":"Care4farm ApS ist ein inhabergef\u00fchrtes Unternehmen mit mehr als 10 Jahren Erfahrung. Wir sind Anbieter von Produkten bestehend aus Hard- und Software f\u00fcr ..","robots":{"index":"index","follow":"follow","max-snippet":"max-snippet:-1","max-image-preview":"max-image-preview:large","max-video-preview":"max-video-preview:-1"},"canonical":"https:\/\/care4farm.dk\/de\/uber-care4farm\/","og_locale":"de_DE","og_type":"article","og_title":"Om Care4farm","og_description":"Care4farm ApS er en ejer ledet virksomhed med mere end 10 \u00e5rs erfaring. Vi er leverand\u00f8r af produkter best\u00e5ende af hard- og software til ..","og_url":"https:\/\/care4farm.dk\/de\/uber-care4farm\/","og_site_name":"care4farm","article_publisher":"https:\/\/www.facebook.com\/profile.php?id=100085901774024","article_modified_time":"2025-07-07T10:17:12+00:00","og_image":[{"url":"https:\/\/care4farm.dk\/wp-content\/uploads\/2022\/02\/NielsB.jpeg","type":"","width":"","height":""}],"twitter_card":"summary_large_image","twitter_misc":{"Gesch\u00e4tzte Lesezeit":"3\u00a0Minuten"},"schema":{"@context":"https:\/\/schema.org","@graph":[{"@type":"WebPage","@id":"https:\/\/care4farm.dk\/om-care4farm\/","url":"https:\/\/care4farm.dk\/om-care4farm\/","name":"\u00dcber Care4farm | care4farm","isPartOf":{"@id":"https:\/\/care4farm.dk\/#website"},"primaryImageOfPage":{"@id":"https:\/\/care4farm.dk\/om-care4farm\/#primaryimage"},"image":{"@id":"https:\/\/care4farm.dk\/om-care4farm\/#primaryimage"},"thumbnailUrl":"https:\/\/care4farm.dk\/wp-content\/uploads\/2022\/02\/NielsB.jpeg","datePublished":"2022-02-10T11:09:04+00:00","dateModified":"2025-07-07T10:17:12+00:00","description":"Care4farm ApS ist ein inhabergef\u00fchrtes Unternehmen mit mehr als 10 Jahren Erfahrung. Wir sind Anbieter von Produkten bestehend aus Hard- und Software f\u00fcr ..","breadcrumb":{"@id":"https:\/\/care4farm.dk\/om-care4farm\/#breadcrumb"},"inLanguage":"de","potentialAction":[{"@type":"ReadAction","target":["https:\/\/care4farm.dk\/om-care4farm\/"]}]},{"@type":"ImageObject","inLanguage":"de","@id":"https:\/\/care4farm.dk\/om-care4farm\/#primaryimage","url":"https:\/\/care4farm.dk\/wp-content\/uploads\/2022\/02\/NielsB.jpeg","contentUrl":"https:\/\/care4farm.dk\/wp-content\/uploads\/2022\/02\/NielsB.jpeg"},{"@type":"BreadcrumbList","@id":"https:\/\/care4farm.dk\/om-care4farm\/#breadcrumb","itemListElement":[{"@type":"ListItem","position":1,"name":"Forside","item":"https:\/\/care4farm.dk\/"},{"@type":"ListItem","position":2,"name":"Om Care4farm"}]},{"@type":"WebSite","@id":"https:\/\/care4farm.dk\/#website","url":"https:\/\/care4farm.dk\/","name":"care4farm","description":"monitoring temperature of crops","publisher":{"@id":"https:\/\/care4farm.dk\/#organization"},"potentialAction":[{"@type":"SearchAction","target":{"@type":"EntryPoint","urlTemplate":"https:\/\/care4farm.dk\/?s={search_term_string}"},"query-input":{"@type":"PropertyValueSpecification","valueRequired":true,"valueName":"search_term_string"}}],"inLanguage":"de"},{"@type":"Organization","@id":"https:\/\/care4farm.dk\/#organization","name":"Care4farm bietet einen 24\/7-Support, bei dem Sie jederzeit anrufen k\u00f6nnen, wenn Sie Probleme mit der App haben oder eine weitere Einf\u00fchrung ben\u00f6tigen. Dies ist ein kostenloser Service f\u00fcr jeden Benutzer.","url":"https:\/\/care4farm.dk\/","logo":{"@type":"ImageObject","inLanguage":"de","@id":"https:\/\/care4farm.dk\/#\/schema\/logo\/image\/","url":"https:\/\/care4farm.dk\/wp-content\/uploads\/2022\/02\/logo.svg","contentUrl":"https:\/\/care4farm.dk\/wp-content\/uploads\/2022\/02\/logo.svg","caption":"Care4farm"},"image":{"@id":"https:\/\/care4farm.dk\/#\/schema\/logo\/image\/"},"sameAs":["https:\/\/www.facebook.com\/profile.php?id=100085901774024"]}]}},"_links":{"self":[{"href":"https:\/\/care4farm.dk\/de\/wp-json\/wp\/v2\/pages\/200","targetHints":{"allow":["GET"]}}],"collection":[{"href":"https:\/\/care4farm.dk\/de\/wp-json\/wp\/v2\/pages"}],"about":[{"href":"https:\/\/care4farm.dk\/de\/wp-json\/wp\/v2\/types\/page"}],"author":[{"embeddable":true,"href":"https:\/\/care4farm.dk\/de\/wp-json\/wp\/v2\/users\/3"}],"replies":[{"embeddable":true,"href":"https:\/\/care4farm.dk\/de\/wp-json\/wp\/v2\/comments?post=200"}],"version-history":[{"count":82,"href":"https:\/\/care4farm.dk\/de\/wp-json\/wp\/v2\/pages\/200\/revisions"}],"predecessor-version":[{"id":6570,"href":"https:\/\/care4farm.dk\/de\/wp-json\/wp\/v2\/pages\/200\/revisions\/6570"}],"wp:attachment":[{"href":"https:\/\/care4farm.dk\/de\/wp-json\/wp\/v2\/media?parent=200"}],"curies":[{"name":"wp","href":"https:\/\/api.w.org\/{rel}","templated":true}]}}