{"id":417,"date":"2022-02-10T19:30:31","date_gmt":"2022-02-10T18:30:31","guid":{"rendered":"https:\/\/care4farm.dk\/?page_id=417"},"modified":"2023-07-16T15:19:16","modified_gmt":"2023-07-16T13:19:16","slug":"datenschutz-bestimmungen","status":"publish","type":"page","link":"https:\/\/care4farm.dk\/de\/privatlivspolitik\/","title":{"rendered":"Datenschutz-Bestimmungen"},"content":{"rendered":"<div data-elementor-type=\"wp-page\" data-elementor-id=\"417\" class=\"elementor elementor-417\" data-elementor-post-type=\"page\">\n\t\t\t\t\t\t<section class=\"elementor-section elementor-top-section elementor-element elementor-element-0fd9b37 elementor-section-height-min-height first-section elementor-section-boxed elementor-section-height-default elementor-section-items-middle\" data-id=\"0fd9b37\" data-element_type=\"section\" data-settings=\"{&quot;background_background&quot;:&quot;classic&quot;}\">\n\t\t\t\t\t\t\t<div class=\"elementor-background-overlay\"><\/div>\n\t\t\t\t\t\t\t<div class=\"elementor-container elementor-column-gap-default\">\n\t\t\t\t\t<div class=\"elementor-column elementor-col-100 elementor-top-column elementor-element elementor-element-556daf9\" data-id=\"556daf9\" data-element_type=\"column\">\n\t\t\t<div class=\"elementor-widget-wrap elementor-element-populated\">\n\t\t\t\t\t\t<div class=\"elementor-element elementor-element-72bc3a5 elementor-align-center elementor-widget elementor-widget-breadcrumbs\" data-id=\"72bc3a5\" data-element_type=\"widget\" data-widget_type=\"breadcrumbs.default\">\n\t\t\t\t<div class=\"elementor-widget-container\">\n\t\t\t\t\t<p id=\"breadcrumbs\"><span><span><a href=\"https:\/\/care4farm.dk\/de\/\">Home<\/a><\/span><\/span><\/p>\t\t\t\t<\/div>\n\t\t\t\t<\/div>\n\t\t\t\t<div class=\"elementor-element elementor-element-0d9a285 elementor-widget__width-initial elementor-widget elementor-widget-heading\" data-id=\"0d9a285\" data-element_type=\"widget\" data-widget_type=\"heading.default\">\n\t\t\t\t<div class=\"elementor-widget-container\">\n\t\t\t\t\t<h1 class=\"elementor-heading-title elementor-size-default\">Datenschutz-Bestimmungen<\/h1>\t\t\t\t<\/div>\n\t\t\t\t<\/div>\n\t\t\t\t\t<\/div>\n\t\t<\/div>\n\t\t\t\t\t<\/div>\n\t\t<\/section>\n\t\t\t\t<section class=\"elementor-section elementor-top-section elementor-element elementor-element-f913b8b elementor-reverse-mobile elementor-section-full_width elementor-section-height-default elementor-section-height-default\" data-id=\"f913b8b\" data-element_type=\"section\" data-settings=\"{&quot;background_background&quot;:&quot;classic&quot;}\">\n\t\t\t\t\t\t<div class=\"elementor-container elementor-column-gap-no\">\n\t\t\t\t\t<div class=\"elementor-column elementor-col-100 elementor-top-column elementor-element elementor-element-e1c18c0\" data-id=\"e1c18c0\" data-element_type=\"column\">\n\t\t\t<div class=\"elementor-widget-wrap elementor-element-populated\">\n\t\t\t\t\t\t<div class=\"elementor-element elementor-element-0d746c2 elementor-widget elementor-widget-spacer\" data-id=\"0d746c2\" data-element_type=\"widget\" data-widget_type=\"spacer.default\">\n\t\t\t\t<div class=\"elementor-widget-container\">\n\t\t\t\t\t\t\t<div class=\"elementor-spacer\">\n\t\t\t<div class=\"elementor-spacer-inner\"><\/div>\n\t\t<\/div>\n\t\t\t\t\t\t<\/div>\n\t\t\t\t<\/div>\n\t\t\t\t\t<\/div>\n\t\t<\/div>\n\t\t\t\t\t<\/div>\n\t\t<\/section>\n\t\t\t\t<section class=\"elementor-section elementor-top-section elementor-element elementor-element-dd28116 elementor-section-boxed elementor-section-height-default elementor-section-height-default\" data-id=\"dd28116\" data-element_type=\"section\" data-settings=\"{&quot;background_background&quot;:&quot;classic&quot;}\">\n\t\t\t\t\t\t<div class=\"elementor-container elementor-column-gap-default\">\n\t\t\t\t\t<div class=\"elementor-column elementor-col-100 elementor-top-column elementor-element elementor-element-8d334e6\" data-id=\"8d334e6\" data-element_type=\"column\">\n\t\t\t<div class=\"elementor-widget-wrap elementor-element-populated\">\n\t\t\t\t\t\t<div class=\"elementor-element elementor-element-0255a80 elementor-widget elementor-widget-heading\" data-id=\"0255a80\" data-element_type=\"widget\" data-widget_type=\"heading.default\">\n\t\t\t\t<div class=\"elementor-widget-container\">\n\t\t\t\t\t<h2 class=\"elementor-heading-title elementor-size-default\">Datenmanagement<\/h2>\t\t\t\t<\/div>\n\t\t\t\t<\/div>\n\t\t\t\t<div class=\"elementor-element elementor-element-6914611 elementor-widget elementor-widget-text-editor\" data-id=\"6914611\" data-element_type=\"widget\" data-widget_type=\"text-editor.default\">\n\t\t\t\t<div class=\"elementor-widget-container\">\n\t\t\t\t\t\t\t\t\t<p>Care4farm erm\u00f6glicht eine Serverl\u00f6sung zum Empfangen und Verwalten von Kundendaten und Visualisierung im Frontend.<\/p><p>Alle Kundendaten geh\u00f6ren dem Kunden und k\u00f6nnen jederzeit an den Kunden oder einen ausgew\u00e4hlten Dritten weitergegeben werden.<\/p><p>Die monatliche Wartung und Miete des Servers ist in den vereinbarten Abonnementpreisen enthalten.<\/p>\t\t\t\t\t\t\t\t<\/div>\n\t\t\t\t<\/div>\n\t\t\t\t\t<\/div>\n\t\t<\/div>\n\t\t\t\t\t<\/div>\n\t\t<\/section>\n\t\t\t\t<\/div>","protected":false},"excerpt":{"rendered":"<p>Privatlivspolitik H\u00e5ndtering af data Care4farm faciliterer en serverl\u00f8sning til modtagelse og h\u00e5ndtering af kundens data samt visualisering p\u00e5 frontend. Samtlige kundedata tilh\u00f8rer kunden og kan til en hver tid videresendes til kunden eller en udvalgt 3. part. M\u00e5nedlig vedligeholdelse og leje af serveren er indeholdt i de aftalte abonnementspriser.<\/p>","protected":false},"author":3,"featured_media":0,"parent":0,"menu_order":0,"comment_status":"closed","ping_status":"closed","template":"","meta":{"_acf_changed":false,"footnotes":""},"class_list":["post-417","page","type-page","status-publish","hentry"],"acf":[],"yoast_head":"<!-- This site is optimized with the Yoast SEO Premium plugin v27.0 (Yoast SEO v27.3) - https:\/\/yoast.com\/product\/yoast-seo-premium-wordpress\/ -->\n<title>care4farm Privatlivspolitik<\/title>\n<meta name=\"description\" content=\"Care4farm faciliterer en serverl\u00f8sning til modtagelse og h\u00e5ndtering af kundens data samt visualisering p\u00e5 frontend. Samtlige kundedata til..\" \/>\n<meta name=\"robots\" content=\"index, follow, max-snippet:-1, max-image-preview:large, max-video-preview:-1\" \/>\n<link rel=\"canonical\" href=\"https:\/\/care4farm.dk\/de\/datenschutz-bestimmungen\/\" \/>\n<meta property=\"og:locale\" content=\"de_DE\" \/>\n<meta property=\"og:type\" content=\"article\" \/>\n<meta property=\"og:title\" content=\"Privatlivspolitik\" \/>\n<meta property=\"og:description\" content=\"Care4farm faciliterer en serverl\u00f8sning til modtagelse og h\u00e5ndtering af kundens data samt visualisering p\u00e5 frontend. Samtlige kundedata til..\" \/>\n<meta property=\"og:url\" content=\"https:\/\/care4farm.dk\/de\/datenschutz-bestimmungen\/\" \/>\n<meta property=\"og:site_name\" content=\"care4farm\" \/>\n<meta property=\"article:publisher\" content=\"https:\/\/www.facebook.com\/profile.php?id=100085901774024\" \/>\n<meta property=\"article:modified_time\" content=\"2023-07-16T13:19:16+00:00\" \/>\n<meta property=\"og:image\" content=\"https:\/\/care4farm.dk\/wp-content\/uploads\/2023\/06\/1669977440400.jpg\" \/>\n\t<meta property=\"og:image:width\" content=\"100\" \/>\n\t<meta property=\"og:image:height\" content=\"100\" \/>\n\t<meta property=\"og:image:type\" content=\"image\/jpeg\" \/>\n<meta name=\"twitter:card\" content=\"summary_large_image\" \/>\n<meta name=\"twitter:label1\" content=\"Gesch\u00e4tzte Lesezeit\" \/>\n\t<meta name=\"twitter:data1\" content=\"1\u00a0Minute\" \/>\n<script type=\"application\/ld+json\" class=\"yoast-schema-graph\">{\"@context\":\"https:\\\/\\\/schema.org\",\"@graph\":[{\"@type\":\"WebPage\",\"@id\":\"https:\\\/\\\/care4farm.dk\\\/privatlivspolitik\\\/\",\"url\":\"https:\\\/\\\/care4farm.dk\\\/privatlivspolitik\\\/\",\"name\":\"care4farm Privatlivspolitik\",\"isPartOf\":{\"@id\":\"https:\\\/\\\/care4farm.dk\\\/#website\"},\"datePublished\":\"2022-02-10T18:30:31+00:00\",\"dateModified\":\"2023-07-16T13:19:16+00:00\",\"description\":\"Care4farm faciliterer en serverl\u00f8sning til modtagelse og h\u00e5ndtering af kundens data samt visualisering p\u00e5 frontend. Samtlige kundedata til..\",\"breadcrumb\":{\"@id\":\"https:\\\/\\\/care4farm.dk\\\/privatlivspolitik\\\/#breadcrumb\"},\"inLanguage\":\"de\",\"potentialAction\":[{\"@type\":\"ReadAction\",\"target\":[\"https:\\\/\\\/care4farm.dk\\\/privatlivspolitik\\\/\"]}]},{\"@type\":\"BreadcrumbList\",\"@id\":\"https:\\\/\\\/care4farm.dk\\\/privatlivspolitik\\\/#breadcrumb\",\"itemListElement\":[{\"@type\":\"ListItem\",\"position\":1,\"name\":\"Forside\",\"item\":\"https:\\\/\\\/care4farm.dk\\\/\"},{\"@type\":\"ListItem\",\"position\":2,\"name\":\"Privatlivspolitik\"}]},{\"@type\":\"WebSite\",\"@id\":\"https:\\\/\\\/care4farm.dk\\\/#website\",\"url\":\"https:\\\/\\\/care4farm.dk\\\/\",\"name\":\"care4farm\",\"description\":\"monitoring temperature of crops\",\"publisher\":{\"@id\":\"https:\\\/\\\/care4farm.dk\\\/#organization\"},\"potentialAction\":[{\"@type\":\"SearchAction\",\"target\":{\"@type\":\"EntryPoint\",\"urlTemplate\":\"https:\\\/\\\/care4farm.dk\\\/?s={search_term_string}\"},\"query-input\":{\"@type\":\"PropertyValueSpecification\",\"valueRequired\":true,\"valueName\":\"search_term_string\"}}],\"inLanguage\":\"de\"},{\"@type\":\"Organization\",\"@id\":\"https:\\\/\\\/care4farm.dk\\\/#organization\",\"name\":\"Care4farm\",\"url\":\"https:\\\/\\\/care4farm.dk\\\/\",\"logo\":{\"@type\":\"ImageObject\",\"inLanguage\":\"de\",\"@id\":\"https:\\\/\\\/care4farm.dk\\\/#\\\/schema\\\/logo\\\/image\\\/\",\"url\":\"https:\\\/\\\/care4farm.dk\\\/wp-content\\\/uploads\\\/2022\\\/02\\\/logo.svg\",\"contentUrl\":\"https:\\\/\\\/care4farm.dk\\\/wp-content\\\/uploads\\\/2022\\\/02\\\/logo.svg\",\"caption\":\"Care4farm\"},\"image\":{\"@id\":\"https:\\\/\\\/care4farm.dk\\\/#\\\/schema\\\/logo\\\/image\\\/\"},\"sameAs\":[\"https:\\\/\\\/www.facebook.com\\\/profile.php?id=100085901774024\"]}]}<\/script>\n<!-- \/ Yoast SEO Premium plugin. -->","yoast_head_json":{"title":"care4farm Privatlivspolitik","description":"Care4farm faciliterer en serverl\u00f8sning til modtagelse og h\u00e5ndtering af kundens data samt visualisering p\u00e5 frontend. Samtlige kundedata til..","robots":{"index":"index","follow":"follow","max-snippet":"max-snippet:-1","max-image-preview":"max-image-preview:large","max-video-preview":"max-video-preview:-1"},"canonical":"https:\/\/care4farm.dk\/de\/datenschutz-bestimmungen\/","og_locale":"de_DE","og_type":"article","og_title":"Privatlivspolitik","og_description":"Care4farm faciliterer en serverl\u00f8sning til modtagelse og h\u00e5ndtering af kundens data samt visualisering p\u00e5 frontend. Samtlige kundedata til..","og_url":"https:\/\/care4farm.dk\/de\/datenschutz-bestimmungen\/","og_site_name":"care4farm","article_publisher":"https:\/\/www.facebook.com\/profile.php?id=100085901774024","article_modified_time":"2023-07-16T13:19:16+00:00","og_image":[{"width":100,"height":100,"url":"https:\/\/care4farm.dk\/wp-content\/uploads\/2023\/06\/1669977440400.jpg","type":"image\/jpeg"}],"twitter_card":"summary_large_image","twitter_misc":{"Gesch\u00e4tzte Lesezeit":"1\u00a0Minute"},"schema":{"@context":"https:\/\/schema.org","@graph":[{"@type":"WebPage","@id":"https:\/\/care4farm.dk\/privatlivspolitik\/","url":"https:\/\/care4farm.dk\/privatlivspolitik\/","name":"care4farm Privatlivspolitik","isPartOf":{"@id":"https:\/\/care4farm.dk\/#website"},"datePublished":"2022-02-10T18:30:31+00:00","dateModified":"2023-07-16T13:19:16+00:00","description":"Care4farm faciliterer en serverl\u00f8sning til modtagelse og h\u00e5ndtering af kundens data samt visualisering p\u00e5 frontend. Samtlige kundedata til..","breadcrumb":{"@id":"https:\/\/care4farm.dk\/privatlivspolitik\/#breadcrumb"},"inLanguage":"de","potentialAction":[{"@type":"ReadAction","target":["https:\/\/care4farm.dk\/privatlivspolitik\/"]}]},{"@type":"BreadcrumbList","@id":"https:\/\/care4farm.dk\/privatlivspolitik\/#breadcrumb","itemListElement":[{"@type":"ListItem","position":1,"name":"Forside","item":"https:\/\/care4farm.dk\/"},{"@type":"ListItem","position":2,"name":"Privatlivspolitik"}]},{"@type":"WebSite","@id":"https:\/\/care4farm.dk\/#website","url":"https:\/\/care4farm.dk\/","name":"care4farm","description":"monitoring temperature of crops","publisher":{"@id":"https:\/\/care4farm.dk\/#organization"},"potentialAction":[{"@type":"SearchAction","target":{"@type":"EntryPoint","urlTemplate":"https:\/\/care4farm.dk\/?s={search_term_string}"},"query-input":{"@type":"PropertyValueSpecification","valueRequired":true,"valueName":"search_term_string"}}],"inLanguage":"de"},{"@type":"Organization","@id":"https:\/\/care4farm.dk\/#organization","name":"Care4farm bietet einen 24\/7-Support, bei dem Sie jederzeit anrufen k\u00f6nnen, wenn Sie Probleme mit der App haben oder eine weitere Einf\u00fchrung ben\u00f6tigen. Dies ist ein kostenloser Service f\u00fcr jeden Benutzer.","url":"https:\/\/care4farm.dk\/","logo":{"@type":"ImageObject","inLanguage":"de","@id":"https:\/\/care4farm.dk\/#\/schema\/logo\/image\/","url":"https:\/\/care4farm.dk\/wp-content\/uploads\/2022\/02\/logo.svg","contentUrl":"https:\/\/care4farm.dk\/wp-content\/uploads\/2022\/02\/logo.svg","caption":"Care4farm"},"image":{"@id":"https:\/\/care4farm.dk\/#\/schema\/logo\/image\/"},"sameAs":["https:\/\/www.facebook.com\/profile.php?id=100085901774024"]}]}},"_links":{"self":[{"href":"https:\/\/care4farm.dk\/de\/wp-json\/wp\/v2\/pages\/417","targetHints":{"allow":["GET"]}}],"collection":[{"href":"https:\/\/care4farm.dk\/de\/wp-json\/wp\/v2\/pages"}],"about":[{"href":"https:\/\/care4farm.dk\/de\/wp-json\/wp\/v2\/types\/page"}],"author":[{"embeddable":true,"href":"https:\/\/care4farm.dk\/de\/wp-json\/wp\/v2\/users\/3"}],"replies":[{"embeddable":true,"href":"https:\/\/care4farm.dk\/de\/wp-json\/wp\/v2\/comments?post=417"}],"version-history":[{"count":14,"href":"https:\/\/care4farm.dk\/de\/wp-json\/wp\/v2\/pages\/417\/revisions"}],"predecessor-version":[{"id":4375,"href":"https:\/\/care4farm.dk\/de\/wp-json\/wp\/v2\/pages\/417\/revisions\/4375"}],"wp:attachment":[{"href":"https:\/\/care4farm.dk\/de\/wp-json\/wp\/v2\/media?parent=417"}],"curies":[{"name":"wp","href":"https:\/\/api.w.org\/{rel}","templated":true}]}}