{"id":168,"date":"2022-02-10T12:05:29","date_gmt":"2022-02-10T11:05:29","guid":{"rendered":"https:\/\/care4farm.dk\/?page_id=168"},"modified":"2025-06-16T09:34:30","modified_gmt":"2025-06-16T07:34:30","slug":"contact","status":"publish","type":"page","link":"https:\/\/care4farm.dk\/en\/kontakt\/","title":{"rendered":"Contact us"},"content":{"rendered":"\t\t<div data-elementor-type=\"wp-page\" data-elementor-id=\"168\" class=\"elementor elementor-168\" data-elementor-post-type=\"page\">\n\t\t\t\t\t\t<section class=\"elementor-section elementor-top-section elementor-element elementor-element-89ed5ae elementor-section-height-min-height first-section elementor-section-boxed elementor-section-height-default elementor-section-items-middle\" data-id=\"89ed5ae\" data-element_type=\"section\" data-settings=\"{&quot;background_background&quot;:&quot;classic&quot;}\">\n\t\t\t\t\t\t\t<div class=\"elementor-background-overlay\"><\/div>\n\t\t\t\t\t\t\t<div class=\"elementor-container elementor-column-gap-default\">\n\t\t\t\t\t<div class=\"elementor-column elementor-col-100 elementor-top-column elementor-element elementor-element-79bdf7c\" data-id=\"79bdf7c\" data-element_type=\"column\">\n\t\t\t<div class=\"elementor-widget-wrap elementor-element-populated\">\n\t\t\t\t\t\t<div class=\"elementor-element elementor-element-3dce0b9 elementor-align-center elementor-widget elementor-widget-breadcrumbs\" data-id=\"3dce0b9\" data-element_type=\"widget\" data-widget_type=\"breadcrumbs.default\">\n\t\t\t\t<div class=\"elementor-widget-container\">\n\t\t\t\t\t<p id=\"breadcrumbs\"><span><span><a href=\"https:\/\/care4farm.dk\/\">Forside<\/a><\/span><\/span><\/p>\t\t\t\t<\/div>\n\t\t\t\t<\/div>\n\t\t\t\t<div class=\"elementor-element elementor-element-e00b194 elementor-widget__width-initial elementor-widget elementor-widget-heading\" data-id=\"e00b194\" data-element_type=\"widget\" data-widget_type=\"heading.default\">\n\t\t\t\t<div class=\"elementor-widget-container\">\n\t\t\t\t\t<h1 class=\"elementor-heading-title elementor-size-default\">Kontakt os<\/h1>\t\t\t\t<\/div>\n\t\t\t\t<\/div>\n\t\t\t\t\t<\/div>\n\t\t<\/div>\n\t\t\t\t\t<\/div>\n\t\t<\/section>\n\t\t\t\t<section class=\"elementor-section elementor-top-section elementor-element elementor-element-a47967e elementor-reverse-mobile elementor-section-full_width elementor-section-height-default elementor-section-height-default\" data-id=\"a47967e\" data-element_type=\"section\" data-settings=\"{&quot;background_background&quot;:&quot;classic&quot;}\">\n\t\t\t\t\t\t<div class=\"elementor-container elementor-column-gap-no\">\n\t\t\t\t\t<div class=\"elementor-column elementor-col-100 elementor-top-column elementor-element elementor-element-b33b561\" data-id=\"b33b561\" data-element_type=\"column\">\n\t\t\t<div class=\"elementor-widget-wrap elementor-element-populated\">\n\t\t\t\t\t\t<div class=\"elementor-element elementor-element-be4b155 elementor-widget elementor-widget-spacer\" data-id=\"be4b155\" data-element_type=\"widget\" data-widget_type=\"spacer.default\">\n\t\t\t\t<div class=\"elementor-widget-container\">\n\t\t\t\t\t\t\t<div class=\"elementor-spacer\">\n\t\t\t<div class=\"elementor-spacer-inner\"><\/div>\n\t\t<\/div>\n\t\t\t\t\t\t<\/div>\n\t\t\t\t<\/div>\n\t\t\t\t\t<\/div>\n\t\t<\/div>\n\t\t\t\t\t<\/div>\n\t\t<\/section>\n\t\t\t\t<section class=\"elementor-section elementor-top-section elementor-element elementor-element-cd7e2e1 elementor-section-boxed elementor-section-height-default elementor-section-height-default\" data-id=\"cd7e2e1\" data-element_type=\"section\">\n\t\t\t\t\t\t<div class=\"elementor-container elementor-column-gap-default\">\n\t\t\t\t\t<div class=\"elementor-column elementor-col-50 elementor-top-column elementor-element elementor-element-4f6b70e\" data-id=\"4f6b70e\" data-element_type=\"column\">\n\t\t\t<div class=\"elementor-widget-wrap elementor-element-populated\">\n\t\t\t\t\t\t<div class=\"elementor-element elementor-element-3064575 elementor-widget elementor-widget-image\" data-id=\"3064575\" data-element_type=\"widget\" data-widget_type=\"image.default\">\n\t\t\t\t<div class=\"elementor-widget-container\">\n\t\t\t\t\t\t\t\t\t\t\t\t\t\t\t<img decoding=\"async\" width=\"160\" height=\"160\" src=\"https:\/\/care4farm.dk\/wp-content\/uploads\/2022\/02\/nield.jpg\" class=\"attachment-full size-full wp-image-1256\" alt=\"\" srcset=\"https:\/\/care4farm.dk\/wp-content\/uploads\/2022\/02\/nield.jpg 160w, https:\/\/care4farm.dk\/wp-content\/uploads\/2022\/02\/nield-150x150.jpg 150w\" sizes=\"(max-width: 160px) 100vw, 160px\" \/>\t\t\t\t\t\t\t\t\t\t\t\t\t\t\t<\/div>\n\t\t\t\t<\/div>\n\t\t\t\t<div class=\"elementor-element elementor-element-863643e elementor-widget elementor-widget-heading\" data-id=\"863643e\" data-element_type=\"widget\" data-widget_type=\"heading.default\">\n\t\t\t\t<div class=\"elementor-widget-container\">\n\t\t\t\t\t<h2 class=\"elementor-heading-title elementor-size-default\">Har du sp\u00f8rgsm\u00e5l?<\/h2>\t\t\t\t<\/div>\n\t\t\t\t<\/div>\n\t\t\t\t<div class=\"elementor-element elementor-element-fe5a349 elementor-widget__width-initial elementor-widget elementor-widget-text-editor\" data-id=\"fe5a349\" data-element_type=\"widget\" data-widget_type=\"text-editor.default\">\n\t\t\t\t<div class=\"elementor-widget-container\">\n\t\t\t\t\t\t\t\t\t<p>S\u00e5 kan du kontakte os ved hj\u00e6lp af formularen, ellers kan du Kontakte Niels Bjerre en af mulighederne herunder:<\/p>\t\t\t\t\t\t\t\t<\/div>\n\t\t\t\t<\/div>\n\t\t\t\t<div class=\"elementor-element elementor-element-c426950 elementor-icon-list--layout-traditional elementor-list-item-link-full_width elementor-widget elementor-widget-icon-list\" data-id=\"c426950\" data-element_type=\"widget\" data-widget_type=\"icon-list.default\">\n\t\t\t\t<div class=\"elementor-widget-container\">\n\t\t\t\t\t\t\t<ul class=\"elementor-icon-list-items\">\n\t\t\t\t\t\t\t<li class=\"elementor-icon-list-item\">\n\t\t\t\t\t\t\t\t\t\t\t<a href=\"tel:%20+45%2022%2075%2080%2000\">\n\n\t\t\t\t\t\t\t\t\t\t\t\t<span class=\"elementor-icon-list-icon\">\n\t\t\t\t\t\t\t<i aria-hidden=\"true\" class=\"fas fa-phone-alt\"><\/i>\t\t\t\t\t\t<\/span>\n\t\t\t\t\t\t\t\t\t\t<span class=\"elementor-icon-list-text\">22 75 80 00<\/span>\n\t\t\t\t\t\t\t\t\t\t\t<\/a>\n\t\t\t\t\t\t\t\t\t<\/li>\n\t\t\t\t\t\t\t\t<li class=\"elementor-icon-list-item\">\n\t\t\t\t\t\t\t\t\t\t\t<a href=\"mailto:nb@care4farm.dk\">\n\n\t\t\t\t\t\t\t\t\t\t\t\t<span class=\"elementor-icon-list-icon\">\n\t\t\t\t\t\t\t<i aria-hidden=\"true\" class=\"fas fa-envelope\"><\/i>\t\t\t\t\t\t<\/span>\n\t\t\t\t\t\t\t\t\t\t<span class=\"elementor-icon-list-text\">nb@care4farm.dk<\/span>\n\t\t\t\t\t\t\t\t\t\t\t<\/a>\n\t\t\t\t\t\t\t\t\t<\/li>\n\t\t\t\t\t\t<\/ul>\n\t\t\t\t\t\t<\/div>\n\t\t\t\t<\/div>\n\t\t\t\t<div class=\"elementor-element elementor-element-f52610b elementor-widget elementor-widget-heading\" data-id=\"f52610b\" data-element_type=\"widget\" data-widget_type=\"heading.default\">\n\t\t\t\t<div class=\"elementor-widget-container\">\n\t\t\t\t\t<h2 class=\"elementor-heading-title elementor-size-default\">Information<\/h2>\t\t\t\t<\/div>\n\t\t\t\t<\/div>\n\t\t\t\t<div class=\"elementor-element elementor-element-5b41380 elementor-widget elementor-widget-text-editor\" data-id=\"5b41380\" data-element_type=\"widget\" data-widget_type=\"text-editor.default\">\n\t\t\t\t<div class=\"elementor-widget-container\">\n\t\t\t\t\t\t\t\t\t<p>Care4farm<strong><br \/><\/strong>Stranden 72<br \/>6000 Kolding<\/p><p>CVR 34091986<\/p>\t\t\t\t\t\t\t\t<\/div>\n\t\t\t\t<\/div>\n\t\t\t\t\t<\/div>\n\t\t<\/div>\n\t\t\t\t<div class=\"elementor-column elementor-col-50 elementor-top-column elementor-element elementor-element-4bd7c59\" data-id=\"4bd7c59\" data-element_type=\"column\">\n\t\t\t<div class=\"elementor-widget-wrap elementor-element-populated\">\n\t\t\t\t\t\t<section class=\"elementor-section elementor-inner-section elementor-element elementor-element-b6e517f elementor-section-boxed elementor-section-height-default elementor-section-height-default\" data-id=\"b6e517f\" data-element_type=\"section\" data-settings=\"{&quot;background_background&quot;:&quot;classic&quot;}\">\n\t\t\t\t\t\t<div class=\"elementor-container elementor-column-gap-default\">\n\t\t\t\t\t<div class=\"elementor-column elementor-col-100 elementor-inner-column elementor-element elementor-element-7fb597e\" data-id=\"7fb597e\" data-element_type=\"column\">\n\t\t\t<div class=\"elementor-widget-wrap elementor-element-populated\">\n\t\t\t\t\t\t<div class=\"elementor-element elementor-element-a49b222 elementor-widget elementor-widget-heading\" data-id=\"a49b222\" data-element_type=\"widget\" data-widget_type=\"heading.default\">\n\t\t\t\t<div class=\"elementor-widget-container\">\n\t\t\t\t\t<h3 class=\"elementor-heading-title elementor-size-default\">Skriv til os<\/h3>\t\t\t\t<\/div>\n\t\t\t\t<\/div>\n\t\t\t\t<div class=\"elementor-element elementor-element-f43c131 bestilling-form elementor-button-align-stretch elementor-widget elementor-widget-form\" data-id=\"f43c131\" data-element_type=\"widget\" data-settings=\"{&quot;step_next_label&quot;:&quot;N\\u00e6ste&quot;,&quot;step_previous_label&quot;:&quot;Tidligere&quot;,&quot;button_width&quot;:&quot;100&quot;,&quot;step_type&quot;:&quot;number_text&quot;,&quot;step_icon_shape&quot;:&quot;circle&quot;}\" data-widget_type=\"form.default\">\n\t\t\t\t<div class=\"elementor-widget-container\">\n\t\t\t\t\t\t\t<form class=\"elementor-form\" method=\"post\" id=\"bestil_form\" name=\"Kontaktformular\" aria-label=\"Kontaktformular\">\n\t\t\t<input type=\"hidden\" name=\"post_id\" value=\"168\"\/>\n\t\t\t<input type=\"hidden\" name=\"form_id\" value=\"f43c131\"\/>\n\t\t\t<input type=\"hidden\" name=\"referer_title\" value=\"Kontakt os | care4farm\" \/>\n\n\t\t\t\t\t\t\t<input type=\"hidden\" name=\"queried_id\" value=\"168\"\/>\n\t\t\t\n\t\t\t<div class=\"elementor-form-fields-wrapper elementor-labels-above\">\n\t\t\t\t\t\t\t\t<div class=\"elementor-field-type-text elementor-field-group elementor-column elementor-field-group-field_264d6be elementor-col-100 elementor-field-required elementor-mark-required\">\n\t\t\t\t\t\t\t\t\t\t\t\t<label for=\"form-field-field_264d6be\" class=\"elementor-field-label\">\n\t\t\t\t\t\t\t\tNavn\t\t\t\t\t\t\t<\/label>\n\t\t\t\t\t\t\t\t\t\t\t\t\t\t<input size=\"1\" type=\"text\" name=\"form_fields[field_264d6be]\" id=\"form-field-field_264d6be\" class=\"elementor-field elementor-size-sm  elementor-field-textual\" required=\"required\">\n\t\t\t\t\t\t\t\t\t\t\t<\/div>\n\t\t\t\t\t\t\t\t<div class=\"elementor-field-type-email elementor-field-group elementor-column elementor-field-group-field_f28f5f1 elementor-col-100 elementor-field-required elementor-mark-required\">\n\t\t\t\t\t\t\t\t\t\t\t\t<label for=\"form-field-field_f28f5f1\" class=\"elementor-field-label\">\n\t\t\t\t\t\t\t\tEmail\t\t\t\t\t\t\t<\/label>\n\t\t\t\t\t\t\t\t\t\t\t\t\t\t<input size=\"1\" type=\"email\" name=\"form_fields[field_f28f5f1]\" id=\"form-field-field_f28f5f1\" class=\"elementor-field elementor-size-sm  elementor-field-textual\" required=\"required\">\n\t\t\t\t\t\t\t\t\t\t\t<\/div>\n\t\t\t\t\t\t\t\t<div class=\"elementor-field-type-text elementor-field-group elementor-column elementor-field-group-field_7c208b5 elementor-col-100 elementor-field-required elementor-mark-required\">\n\t\t\t\t\t\t\t\t\t\t\t\t<label for=\"form-field-field_7c208b5\" class=\"elementor-field-label\">\n\t\t\t\t\t\t\t\tTelefonnummer\t\t\t\t\t\t\t<\/label>\n\t\t\t\t\t\t\t\t\t\t\t\t\t\t<input size=\"1\" type=\"text\" name=\"form_fields[field_7c208b5]\" id=\"form-field-field_7c208b5\" class=\"elementor-field elementor-size-sm  elementor-field-textual\" required=\"required\">\n\t\t\t\t\t\t\t\t\t\t\t<\/div>\n\t\t\t\t\t\t\t\t<div class=\"elementor-field-type-text elementor-field-group elementor-column elementor-field-group-field_a5d1525 elementor-col-100 elementor-field-required elementor-mark-required\">\n\t\t\t\t\t\t\t\t\t\t\t\t<label for=\"form-field-field_a5d1525\" class=\"elementor-field-label\">\n\t\t\t\t\t\t\t\tEmne\t\t\t\t\t\t\t<\/label>\n\t\t\t\t\t\t\t\t\t\t\t\t\t\t<input size=\"1\" type=\"text\" name=\"form_fields[field_a5d1525]\" id=\"form-field-field_a5d1525\" class=\"elementor-field elementor-size-sm  elementor-field-textual\" required=\"required\">\n\t\t\t\t\t\t\t\t\t\t\t<\/div>\n\t\t\t\t\t\t\t\t<div class=\"elementor-field-type-textarea elementor-field-group elementor-column elementor-field-group-field_923bbe9 elementor-col-100 elementor-field-required elementor-mark-required\">\n\t\t\t\t\t\t\t\t\t\t\t\t<label for=\"form-field-field_923bbe9\" class=\"elementor-field-label\">\n\t\t\t\t\t\t\t\tDin besked\t\t\t\t\t\t\t<\/label>\n\t\t\t\t\t\t<textarea class=\"elementor-field-textual elementor-field  elementor-size-sm\" name=\"form_fields[field_923bbe9]\" id=\"form-field-field_923bbe9\" rows=\"4\" required=\"required\"><\/textarea>\t\t\t\t<\/div>\n\t\t\t\t\t\t\t\t<div class=\"elementor-field-type-recaptcha_v3 elementor-field-group elementor-column elementor-field-group-field_ca13dac elementor-col-100 recaptcha_v3-bottomright\">\n\t\t\t\t\t<div class=\"elementor-field\" id=\"form-field-field_ca13dac\"><div class=\"elementor-g-recaptcha\" data-sitekey=\"6LdFPLchAAAAADJ3I2LNYVYSD3ELf-yM3mlO1tT-\" data-type=\"v3\" data-action=\"Form\" data-badge=\"bottomright\" data-size=\"invisible\"><\/div><\/div>\t\t\t\t<\/div>\n\t\t\t\t\t\t\t\t<div class=\"elementor-field-group elementor-column elementor-field-type-submit elementor-col-100 e-form__buttons\">\n\t\t\t\t\t<button class=\"elementor-button elementor-size-sm\" type=\"submit\">\n\t\t\t\t\t\t<span class=\"elementor-button-content-wrapper\">\n\t\t\t\t\t\t\t\t\t\t\t\t\t\t\t\t\t\t\t\t\t\t<span class=\"elementor-button-text\">Send besked<\/span>\n\t\t\t\t\t\t\t\t\t\t\t\t\t<\/span>\n\t\t\t\t\t<\/button>\n\t\t\t\t<\/div>\n\t\t\t<\/div>\n\t\t<\/form>\n\t\t\t\t\t\t<\/div>\n\t\t\t\t<\/div>\n\t\t\t\t\t<\/div>\n\t\t<\/div>\n\t\t\t\t\t<\/div>\n\t\t<\/section>\n\t\t\t\t\t<\/div>\n\t\t<\/div>\n\t\t\t\t\t<\/div>\n\t\t<\/section>\n\t\t\t\t<\/div>\n\t\t","protected":false},"excerpt":{"rendered":"<p>Kontakt os Har du sp\u00f8rgsm\u00e5l? S\u00e5 kan du kontakte os ved hj\u00e6lp af formularen, ellers kan du Kontakte Niels Bjerre en af mulighederne herunder: 22 75 80 00 nb@care4farm.dk Information Care4farmStranden 726000 Kolding CVR 34091986 Skriv til os<\/p>","protected":false},"author":3,"featured_media":0,"parent":0,"menu_order":0,"comment_status":"closed","ping_status":"closed","template":"","meta":{"_acf_changed":false,"footnotes":""},"class_list":["post-168","page","type-page","status-publish","hentry"],"acf":[],"yoast_head":"<!-- This site is optimized with the Yoast SEO Premium plugin v27.0 (Yoast SEO v27.4) - https:\/\/yoast.com\/product\/yoast-seo-premium-wordpress\/ -->\n<title>Kontakt os | care4farm<\/title>\n<meta name=\"description\" content=\"Kontakt os Har du sp\u00f8rgsm\u00e5l? S\u00e5 kan du kontakte os ved hj\u00e6lp af formularen. Kontakt Niels Bjerre tlf:22 75 80 00 eller nb@care4farm.dk\" \/>\n<meta name=\"robots\" content=\"index, follow, max-snippet:-1, max-image-preview:large, max-video-preview:-1\" \/>\n<link rel=\"canonical\" href=\"https:\/\/care4farm.dk\/en\/contact\/\" \/>\n<meta property=\"og:locale\" content=\"en_GB\" \/>\n<meta property=\"og:type\" content=\"article\" \/>\n<meta property=\"og:title\" content=\"Kontakt os\" \/>\n<meta property=\"og:description\" content=\"Kontakt os Har du sp\u00f8rgsm\u00e5l? S\u00e5 kan du kontakte os ved hj\u00e6lp af formularen. Kontakt Niels Bjerre tlf:22 75 80 00 eller nb@care4farm.dk\" \/>\n<meta property=\"og:url\" content=\"https:\/\/care4farm.dk\/en\/contact\/\" \/>\n<meta property=\"og:site_name\" content=\"care4farm\" \/>\n<meta property=\"article:publisher\" content=\"https:\/\/www.facebook.com\/profile.php?id=100085901774024\" \/>\n<meta property=\"article:modified_time\" content=\"2025-06-16T07:34:30+00:00\" \/>\n<meta property=\"og:image\" content=\"https:\/\/care4farm.dk\/wp-content\/uploads\/2022\/02\/nield.jpg\" \/>\n\t<meta property=\"og:image:width\" content=\"160\" \/>\n\t<meta property=\"og:image:height\" content=\"160\" \/>\n\t<meta property=\"og:image:type\" content=\"image\/jpeg\" \/>\n<meta name=\"twitter:card\" content=\"summary_large_image\" \/>\n<meta name=\"twitter:label1\" content=\"Estimated reading time\" \/>\n\t<meta name=\"twitter:data1\" content=\"1 minute\" \/>\n<script type=\"application\/ld+json\" class=\"yoast-schema-graph\">{\"@context\":\"https:\\\/\\\/schema.org\",\"@graph\":[{\"@type\":\"WebPage\",\"@id\":\"https:\\\/\\\/care4farm.dk\\\/kontakt\\\/\",\"url\":\"https:\\\/\\\/care4farm.dk\\\/kontakt\\\/\",\"name\":\"Kontakt os | care4farm\",\"isPartOf\":{\"@id\":\"https:\\\/\\\/care4farm.dk\\\/#website\"},\"primaryImageOfPage\":{\"@id\":\"https:\\\/\\\/care4farm.dk\\\/kontakt\\\/#primaryimage\"},\"image\":{\"@id\":\"https:\\\/\\\/care4farm.dk\\\/kontakt\\\/#primaryimage\"},\"thumbnailUrl\":\"https:\\\/\\\/care4farm.dk\\\/wp-content\\\/uploads\\\/2022\\\/02\\\/nield.jpg\",\"datePublished\":\"2022-02-10T11:05:29+00:00\",\"dateModified\":\"2025-06-16T07:34:30+00:00\",\"description\":\"Kontakt os Har du sp\u00f8rgsm\u00e5l? S\u00e5 kan du kontakte os ved hj\u00e6lp af formularen. Kontakt Niels Bjerre tlf:22 75 80 00 eller nb@care4farm.dk\",\"breadcrumb\":{\"@id\":\"https:\\\/\\\/care4farm.dk\\\/kontakt\\\/#breadcrumb\"},\"inLanguage\":\"en-GB\",\"potentialAction\":[{\"@type\":\"ReadAction\",\"target\":[\"https:\\\/\\\/care4farm.dk\\\/kontakt\\\/\"]}]},{\"@type\":\"ImageObject\",\"inLanguage\":\"en-GB\",\"@id\":\"https:\\\/\\\/care4farm.dk\\\/kontakt\\\/#primaryimage\",\"url\":\"https:\\\/\\\/care4farm.dk\\\/wp-content\\\/uploads\\\/2022\\\/02\\\/nield.jpg\",\"contentUrl\":\"https:\\\/\\\/care4farm.dk\\\/wp-content\\\/uploads\\\/2022\\\/02\\\/nield.jpg\"},{\"@type\":\"BreadcrumbList\",\"@id\":\"https:\\\/\\\/care4farm.dk\\\/kontakt\\\/#breadcrumb\",\"itemListElement\":[{\"@type\":\"ListItem\",\"position\":1,\"name\":\"Forside\",\"item\":\"https:\\\/\\\/care4farm.dk\\\/\"},{\"@type\":\"ListItem\",\"position\":2,\"name\":\"Kontakt os\"}]},{\"@type\":\"WebSite\",\"@id\":\"https:\\\/\\\/care4farm.dk\\\/#website\",\"url\":\"https:\\\/\\\/care4farm.dk\\\/\",\"name\":\"care4farm\",\"description\":\"monitoring temperature of crops\",\"publisher\":{\"@id\":\"https:\\\/\\\/care4farm.dk\\\/#organization\"},\"potentialAction\":[{\"@type\":\"SearchAction\",\"target\":{\"@type\":\"EntryPoint\",\"urlTemplate\":\"https:\\\/\\\/care4farm.dk\\\/?s={search_term_string}\"},\"query-input\":{\"@type\":\"PropertyValueSpecification\",\"valueRequired\":true,\"valueName\":\"search_term_string\"}}],\"inLanguage\":\"en-GB\"},{\"@type\":\"Organization\",\"@id\":\"https:\\\/\\\/care4farm.dk\\\/#organization\",\"name\":\"Care4farm\",\"url\":\"https:\\\/\\\/care4farm.dk\\\/\",\"logo\":{\"@type\":\"ImageObject\",\"inLanguage\":\"en-GB\",\"@id\":\"https:\\\/\\\/care4farm.dk\\\/#\\\/schema\\\/logo\\\/image\\\/\",\"url\":\"https:\\\/\\\/care4farm.dk\\\/wp-content\\\/uploads\\\/2022\\\/02\\\/logo.svg\",\"contentUrl\":\"https:\\\/\\\/care4farm.dk\\\/wp-content\\\/uploads\\\/2022\\\/02\\\/logo.svg\",\"caption\":\"Care4farm\"},\"image\":{\"@id\":\"https:\\\/\\\/care4farm.dk\\\/#\\\/schema\\\/logo\\\/image\\\/\"},\"sameAs\":[\"https:\\\/\\\/www.facebook.com\\\/profile.php?id=100085901774024\"]}]}<\/script>\n<!-- \/ Yoast SEO Premium plugin. -->","yoast_head_json":{"title":"Contact us | care4farm","description":"Contact us. Do you have any questions? Then you can contact us using the form. Contact Niels Bjerre at tel: 22 75 80 00 or nb@care4farm.dk","robots":{"index":"index","follow":"follow","max-snippet":"max-snippet:-1","max-image-preview":"max-image-preview:large","max-video-preview":"max-video-preview:-1"},"canonical":"https:\/\/care4farm.dk\/en\/contact\/","og_locale":"en_GB","og_type":"article","og_title":"Kontakt os","og_description":"Kontakt os Har du sp\u00f8rgsm\u00e5l? S\u00e5 kan du kontakte os ved hj\u00e6lp af formularen. Kontakt Niels Bjerre tlf:22 75 80 00 eller nb@care4farm.dk","og_url":"https:\/\/care4farm.dk\/en\/contact\/","og_site_name":"care4farm","article_publisher":"https:\/\/www.facebook.com\/profile.php?id=100085901774024","article_modified_time":"2025-06-16T07:34:30+00:00","og_image":[{"width":160,"height":160,"url":"https:\/\/care4farm.dk\/wp-content\/uploads\/2022\/02\/nield.jpg","type":"image\/jpeg"}],"twitter_card":"summary_large_image","twitter_misc":{"Estimated reading time":"1 minute"},"schema":{"@context":"https:\/\/schema.org","@graph":[{"@type":"WebPage","@id":"https:\/\/care4farm.dk\/kontakt\/","url":"https:\/\/care4farm.dk\/kontakt\/","name":"Contact us | care4farm","isPartOf":{"@id":"https:\/\/care4farm.dk\/#website"},"primaryImageOfPage":{"@id":"https:\/\/care4farm.dk\/kontakt\/#primaryimage"},"image":{"@id":"https:\/\/care4farm.dk\/kontakt\/#primaryimage"},"thumbnailUrl":"https:\/\/care4farm.dk\/wp-content\/uploads\/2022\/02\/nield.jpg","datePublished":"2022-02-10T11:05:29+00:00","dateModified":"2025-06-16T07:34:30+00:00","description":"Contact us. Do you have any questions? Then you can contact us using the form. Contact Niels Bjerre at tel: 22 75 80 00 or nb@care4farm.dk","breadcrumb":{"@id":"https:\/\/care4farm.dk\/kontakt\/#breadcrumb"},"inLanguage":"en-GB","potentialAction":[{"@type":"ReadAction","target":["https:\/\/care4farm.dk\/kontakt\/"]}]},{"@type":"ImageObject","inLanguage":"en-GB","@id":"https:\/\/care4farm.dk\/kontakt\/#primaryimage","url":"https:\/\/care4farm.dk\/wp-content\/uploads\/2022\/02\/nield.jpg","contentUrl":"https:\/\/care4farm.dk\/wp-content\/uploads\/2022\/02\/nield.jpg"},{"@type":"BreadcrumbList","@id":"https:\/\/care4farm.dk\/kontakt\/#breadcrumb","itemListElement":[{"@type":"ListItem","position":1,"name":"Forside","item":"https:\/\/care4farm.dk\/"},{"@type":"ListItem","position":2,"name":"Kontakt os"}]},{"@type":"WebSite","@id":"https:\/\/care4farm.dk\/#website","url":"https:\/\/care4farm.dk\/","name":"care4farm","description":"monitoring temperature of crops","publisher":{"@id":"https:\/\/care4farm.dk\/#organization"},"potentialAction":[{"@type":"SearchAction","target":{"@type":"EntryPoint","urlTemplate":"https:\/\/care4farm.dk\/?s={search_term_string}"},"query-input":{"@type":"PropertyValueSpecification","valueRequired":true,"valueName":"search_term_string"}}],"inLanguage":"en-GB"},{"@type":"Organization","@id":"https:\/\/care4farm.dk\/#organization","name":"Care4farn offers 24\/7 support, where you can call anytime if you have any trouble with the app or need again an introduction. It is alll included and for free for every user","url":"https:\/\/care4farm.dk\/","logo":{"@type":"ImageObject","inLanguage":"en-GB","@id":"https:\/\/care4farm.dk\/#\/schema\/logo\/image\/","url":"https:\/\/care4farm.dk\/wp-content\/uploads\/2022\/02\/logo.svg","contentUrl":"https:\/\/care4farm.dk\/wp-content\/uploads\/2022\/02\/logo.svg","caption":"Care4farm"},"image":{"@id":"https:\/\/care4farm.dk\/#\/schema\/logo\/image\/"},"sameAs":["https:\/\/www.facebook.com\/profile.php?id=100085901774024"]}]}},"_links":{"self":[{"href":"https:\/\/care4farm.dk\/en\/wp-json\/wp\/v2\/pages\/168","targetHints":{"allow":["GET"]}}],"collection":[{"href":"https:\/\/care4farm.dk\/en\/wp-json\/wp\/v2\/pages"}],"about":[{"href":"https:\/\/care4farm.dk\/en\/wp-json\/wp\/v2\/types\/page"}],"author":[{"embeddable":true,"href":"https:\/\/care4farm.dk\/en\/wp-json\/wp\/v2\/users\/3"}],"replies":[{"embeddable":true,"href":"https:\/\/care4farm.dk\/en\/wp-json\/wp\/v2\/comments?post=168"}],"version-history":[{"count":190,"href":"https:\/\/care4farm.dk\/en\/wp-json\/wp\/v2\/pages\/168\/revisions"}],"predecessor-version":[{"id":6372,"href":"https:\/\/care4farm.dk\/en\/wp-json\/wp\/v2\/pages\/168\/revisions\/6372"}],"wp:attachment":[{"href":"https:\/\/care4farm.dk\/en\/wp-json\/wp\/v2\/media?parent=168"}],"curies":[{"name":"wp","href":"https:\/\/api.w.org\/{rel}","templated":true}]}}