{"id":200,"date":"2022-02-10T12:09:04","date_gmt":"2022-02-10T11:09:04","guid":{"rendered":"https:\/\/care4farm.dk\/?page_id=200"},"modified":"2025-07-07T12:17:12","modified_gmt":"2025-07-07T10:17:12","slug":"about-care4farm","status":"publish","type":"page","link":"https:\/\/care4farm.dk\/en\/om-care4farm\/","title":{"rendered":"About Care4Farm"},"content":{"rendered":"<div data-elementor-type=\"wp-page\" data-elementor-id=\"200\" class=\"elementor elementor-200\" data-elementor-post-type=\"page\">\n\t\t\t\t\t\t<section class=\"elementor-section elementor-top-section elementor-element elementor-element-eedc9f5 elementor-section-height-min-height first-section elementor-section-boxed elementor-section-height-default elementor-section-items-middle\" data-id=\"eedc9f5\" data-element_type=\"section\" data-settings=\"{&quot;background_background&quot;:&quot;classic&quot;}\">\n\t\t\t\t\t\t\t<div class=\"elementor-background-overlay\"><\/div>\n\t\t\t\t\t\t\t<div class=\"elementor-container elementor-column-gap-default\">\n\t\t\t\t\t<div class=\"elementor-column elementor-col-100 elementor-top-column elementor-element elementor-element-b17395c\" data-id=\"b17395c\" data-element_type=\"column\">\n\t\t\t<div class=\"elementor-widget-wrap elementor-element-populated\">\n\t\t\t\t\t\t<div class=\"elementor-element elementor-element-a6693df elementor-align-center elementor-widget elementor-widget-breadcrumbs\" data-id=\"a6693df\" data-element_type=\"widget\" data-widget_type=\"breadcrumbs.default\">\n\t\t\t\t<div class=\"elementor-widget-container\">\n\t\t\t\t\t<p id=\"breadcrumbs\"><span><span><a href=\"https:\/\/care4farm.dk\/en\/\">Home<\/a><\/span><\/span><\/p>\t\t\t\t<\/div>\n\t\t\t\t<\/div>\n\t\t\t\t<div class=\"elementor-element elementor-element-dab0979 elementor-widget__width-initial elementor-widget elementor-widget-heading\" data-id=\"dab0979\" data-element_type=\"widget\" data-widget_type=\"heading.default\">\n\t\t\t\t<div class=\"elementor-widget-container\">\n\t\t\t\t\t<h1 class=\"elementor-heading-title elementor-size-default\">About Care4Farm<\/h1>\t\t\t\t<\/div>\n\t\t\t\t<\/div>\n\t\t\t\t\t<\/div>\n\t\t<\/div>\n\t\t\t\t\t<\/div>\n\t\t<\/section>\n\t\t\t\t<section class=\"elementor-section elementor-top-section elementor-element elementor-element-a11820f elementor-reverse-mobile elementor-section-full_width elementor-section-height-default elementor-section-height-default\" data-id=\"a11820f\" data-element_type=\"section\" data-settings=\"{&quot;background_background&quot;:&quot;classic&quot;}\">\n\t\t\t\t\t\t<div class=\"elementor-container elementor-column-gap-no\">\n\t\t\t\t\t<div class=\"elementor-column elementor-col-100 elementor-top-column elementor-element elementor-element-a984861\" data-id=\"a984861\" data-element_type=\"column\">\n\t\t\t<div class=\"elementor-widget-wrap elementor-element-populated\">\n\t\t\t\t\t\t<div class=\"elementor-element elementor-element-5f137ea elementor-widget elementor-widget-spacer\" data-id=\"5f137ea\" data-element_type=\"widget\" data-widget_type=\"spacer.default\">\n\t\t\t\t<div class=\"elementor-widget-container\">\n\t\t\t\t\t\t\t<div class=\"elementor-spacer\">\n\t\t\t<div class=\"elementor-spacer-inner\"><\/div>\n\t\t<\/div>\n\t\t\t\t\t\t<\/div>\n\t\t\t\t<\/div>\n\t\t\t\t\t<\/div>\n\t\t<\/div>\n\t\t\t\t\t<\/div>\n\t\t<\/section>\n\t\t\t\t<section class=\"elementor-section elementor-top-section elementor-element elementor-element-a6025c3 elementor-section-boxed elementor-section-height-default elementor-section-height-default\" data-id=\"a6025c3\" data-element_type=\"section\">\n\t\t\t\t\t\t<div class=\"elementor-container elementor-column-gap-default\">\n\t\t\t\t\t<div class=\"elementor-column elementor-col-50 elementor-top-column elementor-element elementor-element-19f352b\" data-id=\"19f352b\" data-element_type=\"column\">\n\t\t\t<div class=\"elementor-widget-wrap elementor-element-populated\">\n\t\t\t\t\t\t<div class=\"elementor-element elementor-element-8b30d13 elementor-widget elementor-widget-heading\" data-id=\"8b30d13\" data-element_type=\"widget\" data-widget_type=\"heading.default\">\n\t\t\t\t<div class=\"elementor-widget-container\">\n\t\t\t\t\t<h2 class=\"elementor-heading-title elementor-size-default\">Who is Care4farm?<\/h2>\t\t\t\t<\/div>\n\t\t\t\t<\/div>\n\t\t\t\t<div class=\"elementor-element elementor-element-7167c03 elementor-widget elementor-widget-text-editor\" data-id=\"7167c03\" data-element_type=\"widget\" data-widget_type=\"text-editor.default\">\n\t\t\t\t<div class=\"elementor-widget-container\">\n\t\t\t\t\t\t\t\t\t<p>Care4farm ApS is a company with more than 10 years of experience. We are a supplier of tools and software for monitoring warehouses in agriculture and bio bulk industry. We supply products for monitoring temperature, humidity and content in bio bulk warehouses, in silos and tanks. We deliver to customers throughout Europe.<\/p><p>\"Care4farm was started because I, as a farmer myself, have learned that monitoring stored crops is important in terms of quality and costs.\"<\/p>\t\t\t\t\t\t\t\t<\/div>\n\t\t\t\t<\/div>\n\t\t\t\t<div class=\"elementor-element elementor-element-03c9b0b elementor-widget elementor-widget-heading\" data-id=\"03c9b0b\" data-element_type=\"widget\" data-widget_type=\"heading.default\">\n\t\t\t\t<div class=\"elementor-widget-container\">\n\t\t\t\t\t<h3 class=\"elementor-heading-title elementor-size-default\">Care4farm stands for integrity, teamwork and reliability<\/h3>\t\t\t\t<\/div>\n\t\t\t\t<\/div>\n\t\t\t\t<div class=\"elementor-element elementor-element-92c6a24 elementor-widget elementor-widget-text-editor\" data-id=\"92c6a24\" data-element_type=\"widget\" data-widget_type=\"text-editor.default\">\n\t\t\t\t<div class=\"elementor-widget-container\">\n\t\t\t\t\t\t\t\t\tWe seek coherence in values, methods, agreements, actions and results. We participate in teams where the contribution goes both ways and where we innovate for results. We take responsibility and are reliable.\t\t\t\t\t\t\t\t<\/div>\n\t\t\t\t<\/div>\n\t\t\t\t<div class=\"elementor-element elementor-element-40421fc elementor-widget elementor-widget-heading\" data-id=\"40421fc\" data-element_type=\"widget\" data-widget_type=\"heading.default\">\n\t\t\t\t<div class=\"elementor-widget-container\">\n\t\t\t\t\t<h3 class=\"elementor-heading-title elementor-size-default\">Our history<\/h3>\t\t\t\t<\/div>\n\t\t\t\t<\/div>\n\t\t\t\t<div class=\"elementor-element elementor-element-f481c40 elementor-widget elementor-widget-text-editor\" data-id=\"f481c40\" data-element_type=\"widget\" data-widget_type=\"text-editor.default\">\n\t\t\t\t<div class=\"elementor-widget-container\">\n\t\t\t\t\t\t\t\t\t<p>After a business career at Lego and then as a farmer for 20 years at Bjergegaard in Reb\u00e6k near Kolding, I founded Care4farm in 2011. In collaboration with Jan N\u00f8rskov in Care4all, we adapted a slurry alarm with brackets for slurry tanks, which by law had to have an alarm installed. We sold quite a lot, but it was not fun to sell something, that was required by law and otherwise had no particular value for the farmer. Furthermore, we knew that we were quickly saturating the market with the statutory alarms and therefore we had to come up with something new. We felt for wireless monitoring of grain, seed and rapeseed stocks in agriculture. Already at our first participation at fairs, it turned out that our wireless temperature probe was interesting for several applications. Therefore, many farmers acquired the spear for grains and seeds as well as for potato balls, measuring soil temperature and much more. Soon the bio bulk industry became also our customer and since then shipping and bulk goods terminals has become our second core business, too. We develop and adapt our products, that all are wireless monitoring.<\/p>\t\t\t\t\t\t\t\t<\/div>\n\t\t\t\t<\/div>\n\t\t\t\t<section class=\"elementor-section elementor-inner-section elementor-element elementor-element-0f838d5 elementor-section-boxed elementor-section-height-default elementor-section-height-default\" data-id=\"0f838d5\" data-element_type=\"section\" data-settings=\"{&quot;background_background&quot;:&quot;classic&quot;}\">\n\t\t\t\t\t\t<div class=\"elementor-container elementor-column-gap-wide\">\n\t\t\t\t\t<div class=\"elementor-column elementor-col-50 elementor-inner-column elementor-element elementor-element-cb9e1a2\" data-id=\"cb9e1a2\" data-element_type=\"column\">\n\t\t\t<div class=\"elementor-widget-wrap elementor-element-populated\">\n\t\t\t\t\t\t<div class=\"elementor-element elementor-element-a595c1f elementor-widget elementor-widget-heading\" data-id=\"a595c1f\" data-element_type=\"widget\" data-widget_type=\"heading.default\">\n\t\t\t\t<div class=\"elementor-widget-container\">\n\t\t\t\t\t<h3 class=\"elementor-heading-title elementor-size-default\">Our vision<\/h3>\t\t\t\t<\/div>\n\t\t\t\t<\/div>\n\t\t\t\t<div class=\"elementor-element elementor-element-49a2c13 elementor-widget elementor-widget-text-editor\" data-id=\"49a2c13\" data-element_type=\"widget\" data-widget_type=\"text-editor.default\">\n\t\t\t\t<div class=\"elementor-widget-container\">\n\t\t\t\t\t\t\t\t\tCare4farm's vision is to be the preferred and most valuable partner for monitoring biological stocks. \t\t\t\t\t\t\t\t<\/div>\n\t\t\t\t<\/div>\n\t\t\t\t\t<\/div>\n\t\t<\/div>\n\t\t\t\t<div class=\"elementor-column elementor-col-50 elementor-inner-column elementor-element elementor-element-d63952c\" data-id=\"d63952c\" data-element_type=\"column\">\n\t\t\t<div class=\"elementor-widget-wrap elementor-element-populated\">\n\t\t\t\t\t\t<div class=\"elementor-element elementor-element-808e2b2 elementor-widget elementor-widget-heading\" data-id=\"808e2b2\" data-element_type=\"widget\" data-widget_type=\"heading.default\">\n\t\t\t\t<div class=\"elementor-widget-container\">\n\t\t\t\t\t<h3 class=\"elementor-heading-title elementor-size-default\">Our mission<\/h3>\t\t\t\t<\/div>\n\t\t\t\t<\/div>\n\t\t\t\t<div class=\"elementor-element elementor-element-0eac7d6 elementor-widget elementor-widget-text-editor\" data-id=\"0eac7d6\" data-element_type=\"widget\" data-widget_type=\"text-editor.default\">\n\t\t\t\t<div class=\"elementor-widget-container\">\n\t\t\t\t\t\t\t\t\t<p>Monitoring of stored agro- and biobulk products through simple wireless monitoring.<\/p>\t\t\t\t\t\t\t\t<\/div>\n\t\t\t\t<\/div>\n\t\t\t\t\t<\/div>\n\t\t<\/div>\n\t\t\t\t\t<\/div>\n\t\t<\/section>\n\t\t\t\t\t<\/div>\n\t\t<\/div>\n\t\t\t\t<div class=\"elementor-column elementor-col-50 elementor-top-column elementor-element elementor-element-83aca4c\" data-id=\"83aca4c\" data-element_type=\"column\">\n\t\t\t<div class=\"elementor-widget-wrap elementor-element-populated\">\n\t\t\t\t\t\t<div class=\"elementor-element elementor-element-eedfafa elementor-position-top elementor-widget elementor-widget-image-box\" data-id=\"eedfafa\" data-element_type=\"widget\" data-widget_type=\"image-box.default\">\n\t\t\t\t<div class=\"elementor-widget-container\">\n\t\t\t\t\t<div class=\"elementor-image-box-wrapper\"><figure class=\"elementor-image-box-img\"><img fetchpriority=\"high\" decoding=\"async\" width=\"340\" height=\"318\" src=\"https:\/\/care4farm.dk\/wp-content\/uploads\/2022\/02\/NielsB.jpeg\" class=\"attachment-full size-full wp-image-2165\" alt=\"\" srcset=\"https:\/\/care4farm.dk\/wp-content\/uploads\/2022\/02\/NielsB.jpeg 340w, https:\/\/care4farm.dk\/wp-content\/uploads\/2022\/02\/NielsB-300x281.jpeg 300w\" sizes=\"(max-width: 340px) 100vw, 340px\" \/><\/figure><div class=\"elementor-image-box-content\"><h3 class=\"elementor-image-box-title\">Niels Bjerre<\/h3><p class=\"elementor-image-box-description\">Proprietor<\/p><\/div><\/div>\t\t\t\t<\/div>\n\t\t\t\t<\/div>\n\t\t\t\t\t<\/div>\n\t\t<\/div>\n\t\t\t\t\t<\/div>\n\t\t<\/section>\n\t\t\t\t<\/div>","protected":false},"excerpt":{"rendered":"<p>Om Care4farm Hvem er Care4farm? Care4farm ApS er en ejer ledet virksomhed med mere end 10 \u00e5rs erfaring. Vi er leverand\u00f8r af produkter best\u00e5ende af hard- og software til overv\u00e5gning af lagre i landbrug og Industri. Vi leverer produkter til overv\u00e5gning af temperatur, fugtighed og indhold i bio- og agro produkter p\u00e5 planlagre, i siloer [&hellip;]<\/p>\n","protected":false},"author":3,"featured_media":0,"parent":0,"menu_order":0,"comment_status":"closed","ping_status":"closed","template":"","meta":{"_acf_changed":false,"footnotes":""},"class_list":["post-200","page","type-page","status-publish","hentry"],"acf":[],"yoast_head":"<!-- This site is optimized with the Yoast SEO Premium plugin v27.0 (Yoast SEO v27.4) - https:\/\/yoast.com\/product\/yoast-seo-premium-wordpress\/ -->\n<title>Om Care4farm | care4farm<\/title>\n<meta name=\"description\" content=\"Care4farm ApS er en ejer ledet virksomhed med mere end 10 \u00e5rs erfaring. Vi er leverand\u00f8r af produkter best\u00e5ende af hard- og software til ..\" \/>\n<meta name=\"robots\" content=\"index, follow, max-snippet:-1, max-image-preview:large, max-video-preview:-1\" \/>\n<link rel=\"canonical\" href=\"https:\/\/care4farm.dk\/en\/about-care4farm\/\" \/>\n<meta property=\"og:locale\" content=\"en_GB\" \/>\n<meta property=\"og:type\" content=\"article\" \/>\n<meta property=\"og:title\" content=\"Om Care4farm\" \/>\n<meta property=\"og:description\" content=\"Care4farm ApS er en ejer ledet virksomhed med mere end 10 \u00e5rs erfaring. Vi er leverand\u00f8r af produkter best\u00e5ende af hard- og software til ..\" \/>\n<meta property=\"og:url\" content=\"https:\/\/care4farm.dk\/en\/about-care4farm\/\" \/>\n<meta property=\"og:site_name\" content=\"care4farm\" \/>\n<meta property=\"article:publisher\" content=\"https:\/\/www.facebook.com\/profile.php?id=100085901774024\" \/>\n<meta property=\"article:modified_time\" content=\"2025-07-07T10:17:12+00:00\" \/>\n<meta property=\"og:image\" content=\"https:\/\/care4farm.dk\/wp-content\/uploads\/2022\/02\/NielsB.jpeg\" \/>\n<meta name=\"twitter:card\" content=\"summary_large_image\" \/>\n<meta name=\"twitter:label1\" content=\"Estimated reading time\" \/>\n\t<meta name=\"twitter:data1\" content=\"3 minutes\" \/>\n<script type=\"application\/ld+json\" class=\"yoast-schema-graph\">{\"@context\":\"https:\\\/\\\/schema.org\",\"@graph\":[{\"@type\":\"WebPage\",\"@id\":\"https:\\\/\\\/care4farm.dk\\\/om-care4farm\\\/\",\"url\":\"https:\\\/\\\/care4farm.dk\\\/om-care4farm\\\/\",\"name\":\"Om Care4farm | care4farm\",\"isPartOf\":{\"@id\":\"https:\\\/\\\/care4farm.dk\\\/#website\"},\"primaryImageOfPage\":{\"@id\":\"https:\\\/\\\/care4farm.dk\\\/om-care4farm\\\/#primaryimage\"},\"image\":{\"@id\":\"https:\\\/\\\/care4farm.dk\\\/om-care4farm\\\/#primaryimage\"},\"thumbnailUrl\":\"https:\\\/\\\/care4farm.dk\\\/wp-content\\\/uploads\\\/2022\\\/02\\\/NielsB.jpeg\",\"datePublished\":\"2022-02-10T11:09:04+00:00\",\"dateModified\":\"2025-07-07T10:17:12+00:00\",\"description\":\"Care4farm ApS er en ejer ledet virksomhed med mere end 10 \u00e5rs erfaring. Vi er leverand\u00f8r af produkter best\u00e5ende af hard- og software til ..\",\"breadcrumb\":{\"@id\":\"https:\\\/\\\/care4farm.dk\\\/om-care4farm\\\/#breadcrumb\"},\"inLanguage\":\"en-GB\",\"potentialAction\":[{\"@type\":\"ReadAction\",\"target\":[\"https:\\\/\\\/care4farm.dk\\\/om-care4farm\\\/\"]}]},{\"@type\":\"ImageObject\",\"inLanguage\":\"en-GB\",\"@id\":\"https:\\\/\\\/care4farm.dk\\\/om-care4farm\\\/#primaryimage\",\"url\":\"https:\\\/\\\/care4farm.dk\\\/wp-content\\\/uploads\\\/2022\\\/02\\\/NielsB.jpeg\",\"contentUrl\":\"https:\\\/\\\/care4farm.dk\\\/wp-content\\\/uploads\\\/2022\\\/02\\\/NielsB.jpeg\"},{\"@type\":\"BreadcrumbList\",\"@id\":\"https:\\\/\\\/care4farm.dk\\\/om-care4farm\\\/#breadcrumb\",\"itemListElement\":[{\"@type\":\"ListItem\",\"position\":1,\"name\":\"Forside\",\"item\":\"https:\\\/\\\/care4farm.dk\\\/\"},{\"@type\":\"ListItem\",\"position\":2,\"name\":\"Om Care4farm\"}]},{\"@type\":\"WebSite\",\"@id\":\"https:\\\/\\\/care4farm.dk\\\/#website\",\"url\":\"https:\\\/\\\/care4farm.dk\\\/\",\"name\":\"care4farm\",\"description\":\"monitoring temperature of crops\",\"publisher\":{\"@id\":\"https:\\\/\\\/care4farm.dk\\\/#organization\"},\"potentialAction\":[{\"@type\":\"SearchAction\",\"target\":{\"@type\":\"EntryPoint\",\"urlTemplate\":\"https:\\\/\\\/care4farm.dk\\\/?s={search_term_string}\"},\"query-input\":{\"@type\":\"PropertyValueSpecification\",\"valueRequired\":true,\"valueName\":\"search_term_string\"}}],\"inLanguage\":\"en-GB\"},{\"@type\":\"Organization\",\"@id\":\"https:\\\/\\\/care4farm.dk\\\/#organization\",\"name\":\"Care4farm\",\"url\":\"https:\\\/\\\/care4farm.dk\\\/\",\"logo\":{\"@type\":\"ImageObject\",\"inLanguage\":\"en-GB\",\"@id\":\"https:\\\/\\\/care4farm.dk\\\/#\\\/schema\\\/logo\\\/image\\\/\",\"url\":\"https:\\\/\\\/care4farm.dk\\\/wp-content\\\/uploads\\\/2022\\\/02\\\/logo.svg\",\"contentUrl\":\"https:\\\/\\\/care4farm.dk\\\/wp-content\\\/uploads\\\/2022\\\/02\\\/logo.svg\",\"caption\":\"Care4farm\"},\"image\":{\"@id\":\"https:\\\/\\\/care4farm.dk\\\/#\\\/schema\\\/logo\\\/image\\\/\"},\"sameAs\":[\"https:\\\/\\\/www.facebook.com\\\/profile.php?id=100085901774024\"]}]}<\/script>\n<!-- \/ Yoast SEO Premium plugin. -->","yoast_head_json":{"title":"About Care4farm | care4farm","description":"Care4farm ApS is an owner-managed company with more than 10 years of experience. We are a supplier of products consisting of hardware and software for ..","robots":{"index":"index","follow":"follow","max-snippet":"max-snippet:-1","max-image-preview":"max-image-preview:large","max-video-preview":"max-video-preview:-1"},"canonical":"https:\/\/care4farm.dk\/en\/about-care4farm\/","og_locale":"en_GB","og_type":"article","og_title":"Om Care4farm","og_description":"Care4farm ApS er en ejer ledet virksomhed med mere end 10 \u00e5rs erfaring. Vi er leverand\u00f8r af produkter best\u00e5ende af hard- og software til ..","og_url":"https:\/\/care4farm.dk\/en\/about-care4farm\/","og_site_name":"care4farm","article_publisher":"https:\/\/www.facebook.com\/profile.php?id=100085901774024","article_modified_time":"2025-07-07T10:17:12+00:00","og_image":[{"url":"https:\/\/care4farm.dk\/wp-content\/uploads\/2022\/02\/NielsB.jpeg","type":"","width":"","height":""}],"twitter_card":"summary_large_image","twitter_misc":{"Estimated reading time":"3 minutes"},"schema":{"@context":"https:\/\/schema.org","@graph":[{"@type":"WebPage","@id":"https:\/\/care4farm.dk\/om-care4farm\/","url":"https:\/\/care4farm.dk\/om-care4farm\/","name":"About Care4farm | care4farm","isPartOf":{"@id":"https:\/\/care4farm.dk\/#website"},"primaryImageOfPage":{"@id":"https:\/\/care4farm.dk\/om-care4farm\/#primaryimage"},"image":{"@id":"https:\/\/care4farm.dk\/om-care4farm\/#primaryimage"},"thumbnailUrl":"https:\/\/care4farm.dk\/wp-content\/uploads\/2022\/02\/NielsB.jpeg","datePublished":"2022-02-10T11:09:04+00:00","dateModified":"2025-07-07T10:17:12+00:00","description":"Care4farm ApS is an owner-managed company with more than 10 years of experience. We are a supplier of products consisting of hardware and software for ..","breadcrumb":{"@id":"https:\/\/care4farm.dk\/om-care4farm\/#breadcrumb"},"inLanguage":"en-GB","potentialAction":[{"@type":"ReadAction","target":["https:\/\/care4farm.dk\/om-care4farm\/"]}]},{"@type":"ImageObject","inLanguage":"en-GB","@id":"https:\/\/care4farm.dk\/om-care4farm\/#primaryimage","url":"https:\/\/care4farm.dk\/wp-content\/uploads\/2022\/02\/NielsB.jpeg","contentUrl":"https:\/\/care4farm.dk\/wp-content\/uploads\/2022\/02\/NielsB.jpeg"},{"@type":"BreadcrumbList","@id":"https:\/\/care4farm.dk\/om-care4farm\/#breadcrumb","itemListElement":[{"@type":"ListItem","position":1,"name":"Forside","item":"https:\/\/care4farm.dk\/"},{"@type":"ListItem","position":2,"name":"Om Care4farm"}]},{"@type":"WebSite","@id":"https:\/\/care4farm.dk\/#website","url":"https:\/\/care4farm.dk\/","name":"care4farm","description":"monitoring temperature of crops","publisher":{"@id":"https:\/\/care4farm.dk\/#organization"},"potentialAction":[{"@type":"SearchAction","target":{"@type":"EntryPoint","urlTemplate":"https:\/\/care4farm.dk\/?s={search_term_string}"},"query-input":{"@type":"PropertyValueSpecification","valueRequired":true,"valueName":"search_term_string"}}],"inLanguage":"en-GB"},{"@type":"Organization","@id":"https:\/\/care4farm.dk\/#organization","name":"Care4farn offers 24\/7 support, where you can call anytime if you have any trouble with the app or need again an introduction. It is alll included and for free for every user","url":"https:\/\/care4farm.dk\/","logo":{"@type":"ImageObject","inLanguage":"en-GB","@id":"https:\/\/care4farm.dk\/#\/schema\/logo\/image\/","url":"https:\/\/care4farm.dk\/wp-content\/uploads\/2022\/02\/logo.svg","contentUrl":"https:\/\/care4farm.dk\/wp-content\/uploads\/2022\/02\/logo.svg","caption":"Care4farm"},"image":{"@id":"https:\/\/care4farm.dk\/#\/schema\/logo\/image\/"},"sameAs":["https:\/\/www.facebook.com\/profile.php?id=100085901774024"]}]}},"_links":{"self":[{"href":"https:\/\/care4farm.dk\/en\/wp-json\/wp\/v2\/pages\/200","targetHints":{"allow":["GET"]}}],"collection":[{"href":"https:\/\/care4farm.dk\/en\/wp-json\/wp\/v2\/pages"}],"about":[{"href":"https:\/\/care4farm.dk\/en\/wp-json\/wp\/v2\/types\/page"}],"author":[{"embeddable":true,"href":"https:\/\/care4farm.dk\/en\/wp-json\/wp\/v2\/users\/3"}],"replies":[{"embeddable":true,"href":"https:\/\/care4farm.dk\/en\/wp-json\/wp\/v2\/comments?post=200"}],"version-history":[{"count":82,"href":"https:\/\/care4farm.dk\/en\/wp-json\/wp\/v2\/pages\/200\/revisions"}],"predecessor-version":[{"id":6570,"href":"https:\/\/care4farm.dk\/en\/wp-json\/wp\/v2\/pages\/200\/revisions\/6570"}],"wp:attachment":[{"href":"https:\/\/care4farm.dk\/en\/wp-json\/wp\/v2\/media?parent=200"}],"curies":[{"name":"wp","href":"https:\/\/api.w.org\/{rel}","templated":true}]}}