{"id":417,"date":"2022-02-10T19:30:31","date_gmt":"2022-02-10T18:30:31","guid":{"rendered":"https:\/\/care4farm.dk\/?page_id=417"},"modified":"2023-07-16T15:19:16","modified_gmt":"2023-07-16T13:19:16","slug":"privacy-policy","status":"publish","type":"page","link":"https:\/\/care4farm.dk\/en\/privatlivspolitik\/","title":{"rendered":"Privacy Policy"},"content":{"rendered":"<div data-elementor-type=\"wp-page\" data-elementor-id=\"417\" class=\"elementor elementor-417\" data-elementor-post-type=\"page\">\n\t\t\t\t\t\t<section class=\"elementor-section elementor-top-section elementor-element elementor-element-0fd9b37 elementor-section-height-min-height first-section elementor-section-boxed elementor-section-height-default elementor-section-items-middle\" data-id=\"0fd9b37\" data-element_type=\"section\" data-settings=\"{&quot;background_background&quot;:&quot;classic&quot;}\">\n\t\t\t\t\t\t\t<div class=\"elementor-background-overlay\"><\/div>\n\t\t\t\t\t\t\t<div class=\"elementor-container elementor-column-gap-default\">\n\t\t\t\t\t<div class=\"elementor-column elementor-col-100 elementor-top-column elementor-element elementor-element-556daf9\" data-id=\"556daf9\" data-element_type=\"column\">\n\t\t\t<div class=\"elementor-widget-wrap elementor-element-populated\">\n\t\t\t\t\t\t<div class=\"elementor-element elementor-element-72bc3a5 elementor-align-center elementor-widget elementor-widget-breadcrumbs\" data-id=\"72bc3a5\" data-element_type=\"widget\" data-widget_type=\"breadcrumbs.default\">\n\t\t\t\t<div class=\"elementor-widget-container\">\n\t\t\t\t\t<p id=\"breadcrumbs\"><span><span><a href=\"https:\/\/care4farm.dk\/en\/\">Home<\/a><\/span><\/span><\/p>\t\t\t\t<\/div>\n\t\t\t\t<\/div>\n\t\t\t\t<div class=\"elementor-element elementor-element-0d9a285 elementor-widget__width-initial elementor-widget elementor-widget-heading\" data-id=\"0d9a285\" data-element_type=\"widget\" data-widget_type=\"heading.default\">\n\t\t\t\t<div class=\"elementor-widget-container\">\n\t\t\t\t\t<h1 class=\"elementor-heading-title elementor-size-default\">Privacy Policy<\/h1>\t\t\t\t<\/div>\n\t\t\t\t<\/div>\n\t\t\t\t\t<\/div>\n\t\t<\/div>\n\t\t\t\t\t<\/div>\n\t\t<\/section>\n\t\t\t\t<section class=\"elementor-section elementor-top-section elementor-element elementor-element-f913b8b elementor-reverse-mobile elementor-section-full_width elementor-section-height-default elementor-section-height-default\" data-id=\"f913b8b\" data-element_type=\"section\" data-settings=\"{&quot;background_background&quot;:&quot;classic&quot;}\">\n\t\t\t\t\t\t<div class=\"elementor-container elementor-column-gap-no\">\n\t\t\t\t\t<div class=\"elementor-column elementor-col-100 elementor-top-column elementor-element elementor-element-e1c18c0\" data-id=\"e1c18c0\" data-element_type=\"column\">\n\t\t\t<div class=\"elementor-widget-wrap elementor-element-populated\">\n\t\t\t\t\t\t<div class=\"elementor-element elementor-element-0d746c2 elementor-widget elementor-widget-spacer\" data-id=\"0d746c2\" data-element_type=\"widget\" data-widget_type=\"spacer.default\">\n\t\t\t\t<div class=\"elementor-widget-container\">\n\t\t\t\t\t\t\t<div class=\"elementor-spacer\">\n\t\t\t<div class=\"elementor-spacer-inner\"><\/div>\n\t\t<\/div>\n\t\t\t\t\t\t<\/div>\n\t\t\t\t<\/div>\n\t\t\t\t\t<\/div>\n\t\t<\/div>\n\t\t\t\t\t<\/div>\n\t\t<\/section>\n\t\t\t\t<section class=\"elementor-section elementor-top-section elementor-element elementor-element-dd28116 elementor-section-boxed elementor-section-height-default elementor-section-height-default\" data-id=\"dd28116\" data-element_type=\"section\" data-settings=\"{&quot;background_background&quot;:&quot;classic&quot;}\">\n\t\t\t\t\t\t<div class=\"elementor-container elementor-column-gap-default\">\n\t\t\t\t\t<div class=\"elementor-column elementor-col-100 elementor-top-column elementor-element elementor-element-8d334e6\" data-id=\"8d334e6\" data-element_type=\"column\">\n\t\t\t<div class=\"elementor-widget-wrap elementor-element-populated\">\n\t\t\t\t\t\t<div class=\"elementor-element elementor-element-0255a80 elementor-widget elementor-widget-heading\" data-id=\"0255a80\" data-element_type=\"widget\" data-widget_type=\"heading.default\">\n\t\t\t\t<div class=\"elementor-widget-container\">\n\t\t\t\t\t<h2 class=\"elementor-heading-title elementor-size-default\">Data management<\/h2>\t\t\t\t<\/div>\n\t\t\t\t<\/div>\n\t\t\t\t<div class=\"elementor-element elementor-element-6914611 elementor-widget elementor-widget-text-editor\" data-id=\"6914611\" data-element_type=\"widget\" data-widget_type=\"text-editor.default\">\n\t\t\t\t<div class=\"elementor-widget-container\">\n\t\t\t\t\t\t\t\t\t<p>Care4farm facilitates a server solution for receiving and managing customer data and visualization on the front end.<\/p><p>All customer data belongs to the customer and can be forwarded to the customer or a selected 3rd party at any time.<\/p><p>Monthly maintenance and rental of the server is included in the agreed subscription prices.<\/p>\t\t\t\t\t\t\t\t<\/div>\n\t\t\t\t<\/div>\n\t\t\t\t\t<\/div>\n\t\t<\/div>\n\t\t\t\t\t<\/div>\n\t\t<\/section>\n\t\t\t\t<\/div>","protected":false},"excerpt":{"rendered":"<p>Privatlivspolitik H\u00e5ndtering af data Care4farm faciliterer en serverl\u00f8sning til modtagelse og h\u00e5ndtering af kundens data samt visualisering p\u00e5 frontend. Samtlige kundedata tilh\u00f8rer kunden og kan til en hver tid videresendes til kunden eller en udvalgt 3. part. M\u00e5nedlig vedligeholdelse og leje af serveren er indeholdt i de aftalte abonnementspriser.<\/p>","protected":false},"author":3,"featured_media":0,"parent":0,"menu_order":0,"comment_status":"closed","ping_status":"closed","template":"","meta":{"_acf_changed":false,"footnotes":""},"class_list":["post-417","page","type-page","status-publish","hentry"],"acf":[],"yoast_head":"<!-- This site is optimized with the Yoast SEO Premium plugin v27.0 (Yoast SEO v27.5) - https:\/\/yoast.com\/product\/yoast-seo-premium-wordpress\/ -->\n<title>care4farm Privatlivspolitik<\/title>\n<meta name=\"description\" content=\"Care4farm faciliterer en serverl\u00f8sning til modtagelse og h\u00e5ndtering af kundens data samt visualisering p\u00e5 frontend. Samtlige kundedata til..\" \/>\n<meta name=\"robots\" content=\"index, follow, max-snippet:-1, max-image-preview:large, max-video-preview:-1\" \/>\n<link rel=\"canonical\" href=\"https:\/\/care4farm.dk\/en\/privacy-policy\/\" \/>\n<meta property=\"og:locale\" content=\"en_GB\" \/>\n<meta property=\"og:type\" content=\"article\" \/>\n<meta property=\"og:title\" content=\"Privatlivspolitik\" \/>\n<meta property=\"og:description\" content=\"Care4farm faciliterer en serverl\u00f8sning til modtagelse og h\u00e5ndtering af kundens data samt visualisering p\u00e5 frontend. Samtlige kundedata til..\" \/>\n<meta property=\"og:url\" content=\"https:\/\/care4farm.dk\/en\/privacy-policy\/\" \/>\n<meta property=\"og:site_name\" content=\"care4farm\" \/>\n<meta property=\"article:publisher\" content=\"https:\/\/www.facebook.com\/profile.php?id=100085901774024\" \/>\n<meta property=\"article:modified_time\" content=\"2023-07-16T13:19:16+00:00\" \/>\n<meta property=\"og:image\" content=\"https:\/\/care4farm.dk\/wp-content\/uploads\/2023\/06\/1669977440400.jpg\" \/>\n\t<meta property=\"og:image:width\" content=\"100\" \/>\n\t<meta property=\"og:image:height\" content=\"100\" \/>\n\t<meta property=\"og:image:type\" content=\"image\/jpeg\" \/>\n<meta name=\"twitter:card\" content=\"summary_large_image\" \/>\n<meta name=\"twitter:label1\" content=\"Estimated reading time\" \/>\n\t<meta name=\"twitter:data1\" content=\"1 minute\" \/>\n<script type=\"application\/ld+json\" class=\"yoast-schema-graph\">{\"@context\":\"https:\\\/\\\/schema.org\",\"@graph\":[{\"@type\":\"WebPage\",\"@id\":\"https:\\\/\\\/care4farm.dk\\\/privatlivspolitik\\\/\",\"url\":\"https:\\\/\\\/care4farm.dk\\\/privatlivspolitik\\\/\",\"name\":\"care4farm Privatlivspolitik\",\"isPartOf\":{\"@id\":\"https:\\\/\\\/care4farm.dk\\\/#website\"},\"datePublished\":\"2022-02-10T18:30:31+00:00\",\"dateModified\":\"2023-07-16T13:19:16+00:00\",\"description\":\"Care4farm faciliterer en serverl\u00f8sning til modtagelse og h\u00e5ndtering af kundens data samt visualisering p\u00e5 frontend. Samtlige kundedata til..\",\"breadcrumb\":{\"@id\":\"https:\\\/\\\/care4farm.dk\\\/privatlivspolitik\\\/#breadcrumb\"},\"inLanguage\":\"en-GB\",\"potentialAction\":[{\"@type\":\"ReadAction\",\"target\":[\"https:\\\/\\\/care4farm.dk\\\/privatlivspolitik\\\/\"]}]},{\"@type\":\"BreadcrumbList\",\"@id\":\"https:\\\/\\\/care4farm.dk\\\/privatlivspolitik\\\/#breadcrumb\",\"itemListElement\":[{\"@type\":\"ListItem\",\"position\":1,\"name\":\"Forside\",\"item\":\"https:\\\/\\\/care4farm.dk\\\/\"},{\"@type\":\"ListItem\",\"position\":2,\"name\":\"Privatlivspolitik\"}]},{\"@type\":\"WebSite\",\"@id\":\"https:\\\/\\\/care4farm.dk\\\/#website\",\"url\":\"https:\\\/\\\/care4farm.dk\\\/\",\"name\":\"care4farm\",\"description\":\"monitoring temperature of crops\",\"publisher\":{\"@id\":\"https:\\\/\\\/care4farm.dk\\\/#organization\"},\"potentialAction\":[{\"@type\":\"SearchAction\",\"target\":{\"@type\":\"EntryPoint\",\"urlTemplate\":\"https:\\\/\\\/care4farm.dk\\\/?s={search_term_string}\"},\"query-input\":{\"@type\":\"PropertyValueSpecification\",\"valueRequired\":true,\"valueName\":\"search_term_string\"}}],\"inLanguage\":\"en-GB\"},{\"@type\":\"Organization\",\"@id\":\"https:\\\/\\\/care4farm.dk\\\/#organization\",\"name\":\"Care4farm\",\"url\":\"https:\\\/\\\/care4farm.dk\\\/\",\"logo\":{\"@type\":\"ImageObject\",\"inLanguage\":\"en-GB\",\"@id\":\"https:\\\/\\\/care4farm.dk\\\/#\\\/schema\\\/logo\\\/image\\\/\",\"url\":\"https:\\\/\\\/care4farm.dk\\\/wp-content\\\/uploads\\\/2022\\\/02\\\/logo.svg\",\"contentUrl\":\"https:\\\/\\\/care4farm.dk\\\/wp-content\\\/uploads\\\/2022\\\/02\\\/logo.svg\",\"caption\":\"Care4farm\"},\"image\":{\"@id\":\"https:\\\/\\\/care4farm.dk\\\/#\\\/schema\\\/logo\\\/image\\\/\"},\"sameAs\":[\"https:\\\/\\\/www.facebook.com\\\/profile.php?id=100085901774024\"]}]}<\/script>\n<!-- \/ Yoast SEO Premium plugin. -->","yoast_head_json":{"title":"care4farm Privatlivspolitik","description":"Care4farm faciliterer en serverl\u00f8sning til modtagelse og h\u00e5ndtering af kundens data samt visualisering p\u00e5 frontend. Samtlige kundedata til..","robots":{"index":"index","follow":"follow","max-snippet":"max-snippet:-1","max-image-preview":"max-image-preview:large","max-video-preview":"max-video-preview:-1"},"canonical":"https:\/\/care4farm.dk\/en\/privacy-policy\/","og_locale":"en_GB","og_type":"article","og_title":"Privatlivspolitik","og_description":"Care4farm faciliterer en serverl\u00f8sning til modtagelse og h\u00e5ndtering af kundens data samt visualisering p\u00e5 frontend. Samtlige kundedata til..","og_url":"https:\/\/care4farm.dk\/en\/privacy-policy\/","og_site_name":"care4farm","article_publisher":"https:\/\/www.facebook.com\/profile.php?id=100085901774024","article_modified_time":"2023-07-16T13:19:16+00:00","og_image":[{"width":100,"height":100,"url":"https:\/\/care4farm.dk\/wp-content\/uploads\/2023\/06\/1669977440400.jpg","type":"image\/jpeg"}],"twitter_card":"summary_large_image","twitter_misc":{"Estimated reading time":"1 minute"},"schema":{"@context":"https:\/\/schema.org","@graph":[{"@type":"WebPage","@id":"https:\/\/care4farm.dk\/privatlivspolitik\/","url":"https:\/\/care4farm.dk\/privatlivspolitik\/","name":"care4farm Privatlivspolitik","isPartOf":{"@id":"https:\/\/care4farm.dk\/#website"},"datePublished":"2022-02-10T18:30:31+00:00","dateModified":"2023-07-16T13:19:16+00:00","description":"Care4farm faciliterer en serverl\u00f8sning til modtagelse og h\u00e5ndtering af kundens data samt visualisering p\u00e5 frontend. Samtlige kundedata til..","breadcrumb":{"@id":"https:\/\/care4farm.dk\/privatlivspolitik\/#breadcrumb"},"inLanguage":"en-GB","potentialAction":[{"@type":"ReadAction","target":["https:\/\/care4farm.dk\/privatlivspolitik\/"]}]},{"@type":"BreadcrumbList","@id":"https:\/\/care4farm.dk\/privatlivspolitik\/#breadcrumb","itemListElement":[{"@type":"ListItem","position":1,"name":"Forside","item":"https:\/\/care4farm.dk\/"},{"@type":"ListItem","position":2,"name":"Privatlivspolitik"}]},{"@type":"WebSite","@id":"https:\/\/care4farm.dk\/#website","url":"https:\/\/care4farm.dk\/","name":"care4farm","description":"monitoring temperature of crops","publisher":{"@id":"https:\/\/care4farm.dk\/#organization"},"potentialAction":[{"@type":"SearchAction","target":{"@type":"EntryPoint","urlTemplate":"https:\/\/care4farm.dk\/?s={search_term_string}"},"query-input":{"@type":"PropertyValueSpecification","valueRequired":true,"valueName":"search_term_string"}}],"inLanguage":"en-GB"},{"@type":"Organization","@id":"https:\/\/care4farm.dk\/#organization","name":"Care4farn offers 24\/7 support, where you can call anytime if you have any trouble with the app or need again an introduction. It is alll included and for free for every user","url":"https:\/\/care4farm.dk\/","logo":{"@type":"ImageObject","inLanguage":"en-GB","@id":"https:\/\/care4farm.dk\/#\/schema\/logo\/image\/","url":"https:\/\/care4farm.dk\/wp-content\/uploads\/2022\/02\/logo.svg","contentUrl":"https:\/\/care4farm.dk\/wp-content\/uploads\/2022\/02\/logo.svg","caption":"Care4farm"},"image":{"@id":"https:\/\/care4farm.dk\/#\/schema\/logo\/image\/"},"sameAs":["https:\/\/www.facebook.com\/profile.php?id=100085901774024"]}]}},"_links":{"self":[{"href":"https:\/\/care4farm.dk\/en\/wp-json\/wp\/v2\/pages\/417","targetHints":{"allow":["GET"]}}],"collection":[{"href":"https:\/\/care4farm.dk\/en\/wp-json\/wp\/v2\/pages"}],"about":[{"href":"https:\/\/care4farm.dk\/en\/wp-json\/wp\/v2\/types\/page"}],"author":[{"embeddable":true,"href":"https:\/\/care4farm.dk\/en\/wp-json\/wp\/v2\/users\/3"}],"replies":[{"embeddable":true,"href":"https:\/\/care4farm.dk\/en\/wp-json\/wp\/v2\/comments?post=417"}],"version-history":[{"count":14,"href":"https:\/\/care4farm.dk\/en\/wp-json\/wp\/v2\/pages\/417\/revisions"}],"predecessor-version":[{"id":4375,"href":"https:\/\/care4farm.dk\/en\/wp-json\/wp\/v2\/pages\/417\/revisions\/4375"}],"wp:attachment":[{"href":"https:\/\/care4farm.dk\/en\/wp-json\/wp\/v2\/media?parent=417"}],"curies":[{"name":"wp","href":"https:\/\/api.w.org\/{rel}","templated":true}]}}